{"id":30968,"date":"2021-01-07T15:01:23","date_gmt":"2021-01-07T14:01:23","guid":{"rendered":"https:\/\/www.brevannes.be\/?post_type=product&#038;p=30968"},"modified":"2025-11-27T19:08:15","modified_gmt":"2025-11-27T18:08:15","slug":"893-047","status":"publish","type":"product","link":"https:\/\/www.brevannes.be\/nl\/product\/893-047\/","title":{"rendered":"BUSCH Diamant\u00e9e GRAIN MOYEN REF:893047"},"content":{"rendered":"","protected":false},"excerpt":{"rendered":"<p>Fraise diamant\u00e9e \u00e0 grain moyen pour le traitement des callosit\u00e9s, des cuticules et des sillons ungu\u00e9aux mais \u00e9galement afin d\u2019\u00e9galiser des surfaces calleuses.<\/p>\n<p>Diam\u00e8tre: 047<\/p>\n<p>Vitesse conseill\u00e9e: +\/- 25.000 TM<\/p>\n","protected":false},"featured_media":38334,"template":"","meta":[],"product_brand":[],"product_cat":[457,163],"product_tag":[],"class_list":{"0":"post-30968","1":"product","2":"type-product","3":"status-publish","4":"has-post-thumbnail","6":"product_cat-busch","7":"product_cat-grain-moyen","8":"wcmo-protected-item wcmo-protected-product","10":"first","11":"instock","12":"taxable","13":"shipping-taxable","14":"product-type-simple"},"_links":{"self":[{"href":"https:\/\/www.brevannes.be\/nl\/wp-json\/wp\/v2\/product\/30968","targetHints":{"allow":["GET"]}}],"collection":[{"href":"https:\/\/www.brevannes.be\/nl\/wp-json\/wp\/v2\/product"}],"about":[{"href":"https:\/\/www.brevannes.be\/nl\/wp-json\/wp\/v2\/types\/product"}],"wp:featuredmedia":[{"embeddable":true,"href":"https:\/\/www.brevannes.be\/nl\/wp-json\/wp\/v2\/media\/38334"}],"wp:attachment":[{"href":"https:\/\/www.brevannes.be\/nl\/wp-json\/wp\/v2\/media?parent=30968"}],"wp:term":[{"taxonomy":"product_brand","embeddable":true,"href":"https:\/\/www.brevannes.be\/nl\/wp-json\/wp\/v2\/product_brand?post=30968"},{"taxonomy":"product_cat","embeddable":true,"href":"https:\/\/www.brevannes.be\/nl\/wp-json\/wp\/v2\/product_cat?post=30968"},{"taxonomy":"product_tag","embeddable":true,"href":"https:\/\/www.brevannes.be\/nl\/wp-json\/wp\/v2\/product_tag?post=30968"}],"curies":[{"name":"wp","href":"https:\/\/api.w.org\/{rel}","templated":true}]}}