{"id":30988,"date":"2021-01-08T11:13:39","date_gmt":"2021-01-08T10:13:39","guid":{"rendered":"https:\/\/www.brevannes.be\/?post_type=product&#038;p=30988"},"modified":"2025-11-27T19:08:13","modified_gmt":"2025-11-27T18:08:13","slug":"801-012","status":"publish","type":"product","link":"https:\/\/www.brevannes.be\/nl\/product\/801-012\/","title":{"rendered":"BUSCH Diamant\u00e9e Grain Moyen 2 PCES REF:801018"},"content":{"rendered":"","protected":false},"excerpt":{"rendered":"<p>Fraise diamant\u00e9e \u00e0 grain moyen pour le traitement des cors ou \u0153il de perdrix.<\/p>\n<p>Diam\u00e8tre: 018<\/p>\n<p>Vitesse conseill\u00e9e: +\/- 30.000 TM<\/p>\n","protected":false},"featured_media":38367,"template":"","meta":[],"product_brand":[],"product_cat":[457,163],"product_tag":[],"class_list":{"0":"post-30988","1":"product","2":"type-product","3":"status-publish","4":"has-post-thumbnail","6":"product_cat-busch","7":"product_cat-grain-moyen","8":"wcmo-protected-item wcmo-protected-product","10":"first","11":"instock","12":"taxable","13":"shipping-taxable","14":"product-type-simple"},"_links":{"self":[{"href":"https:\/\/www.brevannes.be\/nl\/wp-json\/wp\/v2\/product\/30988","targetHints":{"allow":["GET"]}}],"collection":[{"href":"https:\/\/www.brevannes.be\/nl\/wp-json\/wp\/v2\/product"}],"about":[{"href":"https:\/\/www.brevannes.be\/nl\/wp-json\/wp\/v2\/types\/product"}],"wp:featuredmedia":[{"embeddable":true,"href":"https:\/\/www.brevannes.be\/nl\/wp-json\/wp\/v2\/media\/38367"}],"wp:attachment":[{"href":"https:\/\/www.brevannes.be\/nl\/wp-json\/wp\/v2\/media?parent=30988"}],"wp:term":[{"taxonomy":"product_brand","embeddable":true,"href":"https:\/\/www.brevannes.be\/nl\/wp-json\/wp\/v2\/product_brand?post=30988"},{"taxonomy":"product_cat","embeddable":true,"href":"https:\/\/www.brevannes.be\/nl\/wp-json\/wp\/v2\/product_cat?post=30988"},{"taxonomy":"product_tag","embeddable":true,"href":"https:\/\/www.brevannes.be\/nl\/wp-json\/wp\/v2\/product_tag?post=30988"}],"curies":[{"name":"wp","href":"https:\/\/api.w.org\/{rel}","templated":true}]}}