{"id":34681,"date":"2021-06-16T12:05:54","date_gmt":"2021-06-16T10:05:54","guid":{"rendered":"https:\/\/www.brevannes.be\/?post_type=product&#038;p=34681"},"modified":"2025-11-27T19:08:00","modified_gmt":"2025-11-27T18:08:00","slug":"840-kr-055-%c2%b7-grain-moyen","status":"publish","type":"product","link":"https:\/\/www.brevannes.be\/nl\/product\/840-kr-055-%c2%b7-grain-moyen\/","title":{"rendered":"BUSCH Diamant\u00e9e Grain Moyen 2 Pces REF:390018"},"content":{"rendered":"","protected":false},"excerpt":{"rendered":"<div class=\"product-short-description\">\n<p>Fraise diamant\u00e9e \u00e0 grain moyen pour le traitement des cuticules et des sillons ungu\u00e9aux.<\/p>\n<p>Diam\u00e8tre: 018<\/p>\n<p>Vitesse conseill\u00e9e: 30.000 TM<\/p>\n<\/div>\n<form class=\"cart\" action=\"https:\/\/www.brevannes.be\/produit\/406l-rs-012-%c2%b7-longue\/\" enctype=\"multipart\/form-data\" method=\"post\">\n<div class=\"sticky-add-to-cart-wrapper\"><\/div>\n<\/form>\n","protected":false},"featured_media":38356,"template":"","meta":[],"product_brand":[],"product_cat":[457,163],"product_tag":[],"class_list":{"0":"post-34681","1":"product","2":"type-product","3":"status-publish","4":"has-post-thumbnail","6":"product_cat-busch","7":"product_cat-grain-moyen","8":"wcmo-protected-item wcmo-protected-product","10":"first","11":"instock","12":"taxable","13":"shipping-taxable","14":"product-type-simple"},"_links":{"self":[{"href":"https:\/\/www.brevannes.be\/nl\/wp-json\/wp\/v2\/product\/34681","targetHints":{"allow":["GET"]}}],"collection":[{"href":"https:\/\/www.brevannes.be\/nl\/wp-json\/wp\/v2\/product"}],"about":[{"href":"https:\/\/www.brevannes.be\/nl\/wp-json\/wp\/v2\/types\/product"}],"wp:featuredmedia":[{"embeddable":true,"href":"https:\/\/www.brevannes.be\/nl\/wp-json\/wp\/v2\/media\/38356"}],"wp:attachment":[{"href":"https:\/\/www.brevannes.be\/nl\/wp-json\/wp\/v2\/media?parent=34681"}],"wp:term":[{"taxonomy":"product_brand","embeddable":true,"href":"https:\/\/www.brevannes.be\/nl\/wp-json\/wp\/v2\/product_brand?post=34681"},{"taxonomy":"product_cat","embeddable":true,"href":"https:\/\/www.brevannes.be\/nl\/wp-json\/wp\/v2\/product_cat?post=34681"},{"taxonomy":"product_tag","embeddable":true,"href":"https:\/\/www.brevannes.be\/nl\/wp-json\/wp\/v2\/product_tag?post=34681"}],"curies":[{"name":"wp","href":"https:\/\/api.w.org\/{rel}","templated":true}]}}