{"id":34682,"date":"2021-06-16T12:07:46","date_gmt":"2021-06-16T10:07:46","guid":{"rendered":"https:\/\/www.brevannes.be\/?post_type=product&#038;p=34682"},"modified":"2025-11-27T19:07:59","modified_gmt":"2025-11-27T18:07:59","slug":"805t-065-%c2%b7-grain-moyen","status":"publish","type":"product","link":"https:\/\/www.brevannes.be\/nl\/product\/805t-065-%c2%b7-grain-moyen\/","title":{"rendered":"BUSCH Top Grip GRAIN MOYEN Entonnoir REF:805T065"},"content":{"rendered":"","protected":false},"excerpt":{"rendered":"<div class=\"product-info summary col-fit col entry-summary product-summary text-left form-flat\">\n<div class=\"product-short-description\">\n<p>Les fraises Top Grip\u00a0 sont id\u00e9ales pour traiter les pieds diab\u00e9tiques, parce qu\u2019elles disposent d\u2019une s\u00e9curit\u00e9 passive.<\/p>\n<p>Gr\u00e2ce \u00e0 leurs bords de s\u00e9curit\u00e9 arrondis \u00e0 l\u2019avant et seulement des grains diamant\u00e9s sur le dessus, elles r\u00e9duisent le risque de petites blessures au minimum.<\/p>\n<p>Id\u00e9ales pour \u00e9galiser les c\u00f4t\u00e9s de l\u2019ongle, raccourcir et limer les ongles.<\/p>\n<p>Diam\u00e8tre: 065<\/p>\n<p>Vitesse conseill\u00e9e: 5.000 \u2013 10.000 TM<\/p>\n<\/div>\n<div class=\"social-icons share-icons share-row relative\"><\/div>\n<\/div>\n","protected":false},"featured_media":38271,"template":"","meta":[],"product_brand":[],"product_cat":[457,168],"product_tag":[],"class_list":{"0":"post-34682","1":"product","2":"type-product","3":"status-publish","4":"has-post-thumbnail","6":"product_cat-busch","7":"product_cat-diamant-top-grip","8":"wcmo-protected-item wcmo-protected-product","10":"first","11":"instock","12":"taxable","13":"shipping-taxable","14":"product-type-simple"},"_links":{"self":[{"href":"https:\/\/www.brevannes.be\/nl\/wp-json\/wp\/v2\/product\/34682","targetHints":{"allow":["GET"]}}],"collection":[{"href":"https:\/\/www.brevannes.be\/nl\/wp-json\/wp\/v2\/product"}],"about":[{"href":"https:\/\/www.brevannes.be\/nl\/wp-json\/wp\/v2\/types\/product"}],"wp:featuredmedia":[{"embeddable":true,"href":"https:\/\/www.brevannes.be\/nl\/wp-json\/wp\/v2\/media\/38271"}],"wp:attachment":[{"href":"https:\/\/www.brevannes.be\/nl\/wp-json\/wp\/v2\/media?parent=34682"}],"wp:term":[{"taxonomy":"product_brand","embeddable":true,"href":"https:\/\/www.brevannes.be\/nl\/wp-json\/wp\/v2\/product_brand?post=34682"},{"taxonomy":"product_cat","embeddable":true,"href":"https:\/\/www.brevannes.be\/nl\/wp-json\/wp\/v2\/product_cat?post=34682"},{"taxonomy":"product_tag","embeddable":true,"href":"https:\/\/www.brevannes.be\/nl\/wp-json\/wp\/v2\/product_tag?post=34682"}],"curies":[{"name":"wp","href":"https:\/\/api.w.org\/{rel}","templated":true}]}}