{"id":34777,"date":"2021-06-25T10:25:59","date_gmt":"2021-06-25T08:25:59","guid":{"rendered":"https:\/\/www.brevannes.be\/?post_type=product&#038;p=34777"},"modified":"2021-06-25T10:26:00","modified_gmt":"2021-06-25T08:26:00","slug":"squelette-pied","status":"publish","type":"product","link":"https:\/\/www.brevannes.be\/nl\/product\/squelette-pied\/","title":{"rendered":"SQUELETTE PIED"},"content":{"rendered":"","protected":false},"excerpt":{"rendered":"<p>Ce squelette de pied de taille normale est mont\u00e9 \u00e0 l\u2019\u00e9tat semi-solide de mani\u00e8re \u00e0 ce que les os individuels du pied soient clairement visibles.<\/p>\n<p>En outre, ce mod\u00e8le anatomique montre \u00e9galement des parties du tibia et de l\u2019os du mollet.<\/p>\n<p>Les os individuels de ce squelette de pied sont mont\u00e9s avec un fil m\u00e9tallique.<\/p>\n","protected":false},"featured_media":34782,"template":"","meta":[],"product_brand":[],"product_cat":[159],"product_tag":[],"class_list":{"0":"post-34777","1":"product","2":"type-product","3":"status-publish","4":"has-post-thumbnail","6":"product_cat-didactique","7":"wcmo-protected-item wcmo-protected-product","9":"first","10":"instock","11":"taxable","12":"shipping-taxable","13":"product-type-simple"},"_links":{"self":[{"href":"https:\/\/www.brevannes.be\/nl\/wp-json\/wp\/v2\/product\/34777","targetHints":{"allow":["GET"]}}],"collection":[{"href":"https:\/\/www.brevannes.be\/nl\/wp-json\/wp\/v2\/product"}],"about":[{"href":"https:\/\/www.brevannes.be\/nl\/wp-json\/wp\/v2\/types\/product"}],"wp:featuredmedia":[{"embeddable":true,"href":"https:\/\/www.brevannes.be\/nl\/wp-json\/wp\/v2\/media\/34782"}],"wp:attachment":[{"href":"https:\/\/www.brevannes.be\/nl\/wp-json\/wp\/v2\/media?parent=34777"}],"wp:term":[{"taxonomy":"product_brand","embeddable":true,"href":"https:\/\/www.brevannes.be\/nl\/wp-json\/wp\/v2\/product_brand?post=34777"},{"taxonomy":"product_cat","embeddable":true,"href":"https:\/\/www.brevannes.be\/nl\/wp-json\/wp\/v2\/product_cat?post=34777"},{"taxonomy":"product_tag","embeddable":true,"href":"https:\/\/www.brevannes.be\/nl\/wp-json\/wp\/v2\/product_tag?post=34777"}],"curies":[{"name":"wp","href":"https:\/\/api.w.org\/{rel}","templated":true}]}}