{"id":34929,"date":"2021-08-10T16:32:28","date_gmt":"2021-08-10T14:32:28","guid":{"rendered":"https:\/\/www.brevannes.be\/?post_type=product&#038;p=34929"},"modified":"2026-04-14T12:05:27","modified_gmt":"2026-04-14T10:05:27","slug":"natural-callus-softener-5000ml","status":"publish","type":"product","link":"https:\/\/www.brevannes.be\/nl\/product\/natural-callus-softener-5000ml\/","title":{"rendered":"NATURAL CALLUS SOFTENER 5000ML"},"content":{"rendered":"","protected":false},"excerpt":{"rendered":"<p>By La Nature Callus-Softener est un liquide de travail rapide et puissant pour le trempage des cuticules et des callosit\u00e9s.<\/p>\n<p>Vous devez d&#8217;abord humidifier le site d&#8217;application peu de temps avant le traitement (2-6 min) avec le Callus-Softener, ce qui facilite son retrait.<\/p>\n<h2>Ingr\u00e9dients actifs:<\/h2>\n<ul>\n<li><b>L&#8217;EAU<\/b><\/li>\n<li><b>Hydroxyde de sodium :<\/b>\u00a0action k\u00e9ratolytique, nettoyage en profondeur de la peau.<\/li>\n<li><b>Glyc\u00e9rine v\u00e9g\u00e9tale :<\/b>\u00a0hydratante et\u00a0<b>hydratante :<\/b>\u00a0elle attire et retient l&#8217;eau gr\u00e2ce \u00e0 ses propri\u00e9t\u00e9s hygroscopiques.<br \/>\nAinsi, il aidera \u00e0 maintenir une\u00a0<b>parfaite hydratation<\/b>\u00a0de la peau.<\/li>\n<li><b><\/b><b>H\u00e9lichryse d&#8217;\u00a0<\/b><b>Italie\u00a0<\/b><b>\/ Immortelle :<\/b>\u00a0une huile essentielle pr\u00e9cieuse aux\u00a0<b>propri\u00e9t\u00e9s\u00a0<\/b><b>r\u00e9paratrices<\/b>\u00a0et\u00a0<b>anti-rougeurs<\/b>\u00a0exceptionnelles\u00a0<b>.<\/b><\/li>\n<\/ul>\n","protected":false},"featured_media":35991,"template":"","meta":[],"product_brand":[],"product_cat":[346],"product_tag":[],"class_list":{"0":"post-34929","1":"product","2":"type-product","3":"status-publish","4":"has-post-thumbnail","6":"product_cat-by-la-nature","7":"wcmo-protected-item wcmo-protected-product","9":"first","10":"instock","11":"taxable","12":"shipping-taxable","13":"product-type-simple"},"_links":{"self":[{"href":"https:\/\/www.brevannes.be\/nl\/wp-json\/wp\/v2\/product\/34929","targetHints":{"allow":["GET"]}}],"collection":[{"href":"https:\/\/www.brevannes.be\/nl\/wp-json\/wp\/v2\/product"}],"about":[{"href":"https:\/\/www.brevannes.be\/nl\/wp-json\/wp\/v2\/types\/product"}],"wp:featuredmedia":[{"embeddable":true,"href":"https:\/\/www.brevannes.be\/nl\/wp-json\/wp\/v2\/media\/35991"}],"wp:attachment":[{"href":"https:\/\/www.brevannes.be\/nl\/wp-json\/wp\/v2\/media?parent=34929"}],"wp:term":[{"taxonomy":"product_brand","embeddable":true,"href":"https:\/\/www.brevannes.be\/nl\/wp-json\/wp\/v2\/product_brand?post=34929"},{"taxonomy":"product_cat","embeddable":true,"href":"https:\/\/www.brevannes.be\/nl\/wp-json\/wp\/v2\/product_cat?post=34929"},{"taxonomy":"product_tag","embeddable":true,"href":"https:\/\/www.brevannes.be\/nl\/wp-json\/wp\/v2\/product_tag?post=34929"}],"curies":[{"name":"wp","href":"https:\/\/api.w.org\/{rel}","templated":true}]}}