{"id":34992,"date":"2021-08-23T11:15:15","date_gmt":"2021-08-23T09:15:15","guid":{"rendered":"https:\/\/www.brevannes.be\/?post_type=product&#038;p=34992"},"modified":"2024-05-10T13:41:43","modified_gmt":"2024-05-10T11:41:43","slug":"blouse-unisex-1-poche-hurbie-small","status":"publish","type":"product","link":"https:\/\/www.brevannes.be\/nl\/product\/blouse-unisex-1-poche-hurbie-small\/","title":{"rendered":"BLOUSE UNISEX 1 POCHE HURBIE"},"content":{"rendered":"","protected":false},"excerpt":{"rendered":"<p>PClinic Unisexe 1 Pocket Top Hubies<\/p>\n<p>Avec ces v\u00eatements, vous aurez l&#8217;air tr\u00e8s professionnel.<br \/>\nCe haut 1 poche est tr\u00e8s confortable et a un grand confort.<br \/>\nLa ligne de v\u00eatements de PClinic est compos\u00e9e \u00e0 70 % de polyester et \u00e0 30 % d&#8217;\u00e9lasthanne (lycra).<\/p>\n<p>Spandex a une capacit\u00e9 d&#8217;\u00e9tirement super qui rend le port de ces v\u00eatements tr\u00e8s confortable.<br \/>\nLes instructions de lavage sont \u00e0 30 degr\u00e9s de lavage, ne pas s\u00e9cher en machine et repasser sur 1 point.<br \/>\nCe polo est disponible dans les tailles : S, M, L et XL.<\/p>\n<p>Instructions de lavage<br \/>\nLes v\u00eatements et autres articles en spandex peuvent \u00eatre lav\u00e9s en machine \u00e0 laver \u00e0 l&#8217;eau ti\u00e8de.\u00a0Veillez \u00e0 ne pas utiliser de d\u00e9tergents contenant de l&#8217;eau de Javel sur les tissus contenant du spandex.<\/p>\n<p>S\u00e9chage<br \/>\nLaisser le spandex s\u00e9cher \u00e0 l&#8217;air.\u00a0Vous pouvez le mettre au s\u00e8che-linge, \u00e0 condition de le faire \u00e0 basse temp\u00e9rature.<\/p>\n","protected":false},"featured_media":34964,"template":"","meta":[],"product_brand":[],"product_cat":[361],"product_tag":[],"class_list":{"0":"post-34992","1":"product","2":"type-product","3":"status-publish","4":"has-post-thumbnail","6":"product_cat-textile","7":"wcmo-protected-item wcmo-protected-product","9":"first","10":"instock","11":"taxable","12":"shipping-taxable","13":"product-type-variable"},"_links":{"self":[{"href":"https:\/\/www.brevannes.be\/nl\/wp-json\/wp\/v2\/product\/34992","targetHints":{"allow":["GET"]}}],"collection":[{"href":"https:\/\/www.brevannes.be\/nl\/wp-json\/wp\/v2\/product"}],"about":[{"href":"https:\/\/www.brevannes.be\/nl\/wp-json\/wp\/v2\/types\/product"}],"wp:featuredmedia":[{"embeddable":true,"href":"https:\/\/www.brevannes.be\/nl\/wp-json\/wp\/v2\/media\/34964"}],"wp:attachment":[{"href":"https:\/\/www.brevannes.be\/nl\/wp-json\/wp\/v2\/media?parent=34992"}],"wp:term":[{"taxonomy":"product_brand","embeddable":true,"href":"https:\/\/www.brevannes.be\/nl\/wp-json\/wp\/v2\/product_brand?post=34992"},{"taxonomy":"product_cat","embeddable":true,"href":"https:\/\/www.brevannes.be\/nl\/wp-json\/wp\/v2\/product_cat?post=34992"},{"taxonomy":"product_tag","embeddable":true,"href":"https:\/\/www.brevannes.be\/nl\/wp-json\/wp\/v2\/product_tag?post=34992"}],"curies":[{"name":"wp","href":"https:\/\/api.w.org\/{rel}","templated":true}]}}