{"id":35005,"date":"2021-08-23T11:34:12","date_gmt":"2021-08-23T09:34:12","guid":{"rendered":"https:\/\/www.brevannes.be\/?post_type=product&#038;p=35005"},"modified":"2021-08-23T11:34:14","modified_gmt":"2021-08-23T09:34:14","slug":"pantalon-unisex-tobbie","status":"publish","type":"product","link":"https:\/\/www.brevannes.be\/nl\/product\/pantalon-unisex-tobbie\/","title":{"rendered":"PANTALON UNISEX TOBBIE"},"content":{"rendered":"","protected":false},"excerpt":{"rendered":"<p><span>Avec ces v\u00eatements, vous aurez l&#8217;air tr\u00e8s professionnel.<\/span><br \/>\n<span>Ces pantalons All Fit sont tr\u00e8s confortables.<\/span><br \/>\n<span>La ligne de v\u00eatements de PClinic est compos\u00e9e \u00e0 70 % de polyester et \u00e0 30 % d&#8217;\u00e9lasthanne (Lycra).<\/span><\/p>\n<p><span>Spandex a une capacit\u00e9 d&#8217;\u00e9tirement super qui rend le port de ces v\u00eatements tr\u00e8s confortable.<\/span><br \/>\n<span>Les instructions de lavage sont \u00e0 30 degr\u00e9s de lavage, ne pas s\u00e9cher en machine et repasser sur 1 point.<\/span><br \/>\n<span>Ce pantalon est disponible en tailles : S,\u00a0<\/span><a href=\"https:\/\/megapoint.nl\/product\/pclinic-unisex-all-fit-pants-broek-tobbie-maat-m\/\"><span>M<\/span><\/a><span>\u00a0,\u00a0<\/span><a href=\"https:\/\/megapoint.nl\/product\/pclinic-unisex-all-fit-pants-broek-tobbie-maat-l\/\"><span>L<\/span><\/a><span>\u00a0et\u00a0<\/span><a href=\"https:\/\/megapoint.nl\/product\/pclinic-unisex-all-fit-pants-broek-tobbie-maat-xl\/\"><span>XL<\/span><\/a><span>\u00a0.<\/span><\/p>\n<p><span>Instructions de lavage<br \/>\nLes <\/span><span>v\u00eatements et autres articles en spandex peuvent \u00eatre lav\u00e9s en machine \u00e0 laver \u00e0 l&#8217;eau ti\u00e8de.\u00a0Veillez \u00e0 ne pas utiliser de d\u00e9tergents avec javel sur les tissus contenant du spandex.<\/span><\/p>\n<p><span>S\u00e9chage<\/span><br \/>\n<span>Laisser le spandex s\u00e9cher \u00e0 l&#8217;air.\u00a0Vous pouvez le mettre au s\u00e8che-linge, \u00e0 condition de le faire \u00e0 basse temp\u00e9rature<\/span><\/p>\n","protected":false},"featured_media":34968,"template":"","meta":[],"product_brand":[],"product_cat":[361],"product_tag":[],"class_list":{"0":"post-35005","1":"product","2":"type-product","3":"status-publish","4":"has-post-thumbnail","6":"product_cat-textile","7":"wcmo-protected-item wcmo-protected-product","9":"first","10":"instock","11":"taxable","12":"shipping-taxable","13":"product-type-variable"},"_links":{"self":[{"href":"https:\/\/www.brevannes.be\/nl\/wp-json\/wp\/v2\/product\/35005","targetHints":{"allow":["GET"]}}],"collection":[{"href":"https:\/\/www.brevannes.be\/nl\/wp-json\/wp\/v2\/product"}],"about":[{"href":"https:\/\/www.brevannes.be\/nl\/wp-json\/wp\/v2\/types\/product"}],"wp:featuredmedia":[{"embeddable":true,"href":"https:\/\/www.brevannes.be\/nl\/wp-json\/wp\/v2\/media\/34968"}],"wp:attachment":[{"href":"https:\/\/www.brevannes.be\/nl\/wp-json\/wp\/v2\/media?parent=35005"}],"wp:term":[{"taxonomy":"product_brand","embeddable":true,"href":"https:\/\/www.brevannes.be\/nl\/wp-json\/wp\/v2\/product_brand?post=35005"},{"taxonomy":"product_cat","embeddable":true,"href":"https:\/\/www.brevannes.be\/nl\/wp-json\/wp\/v2\/product_cat?post=35005"},{"taxonomy":"product_tag","embeddable":true,"href":"https:\/\/www.brevannes.be\/nl\/wp-json\/wp\/v2\/product_tag?post=35005"}],"curies":[{"name":"wp","href":"https:\/\/api.w.org\/{rel}","templated":true}]}}