{"id":35010,"date":"2021-08-23T11:35:56","date_gmt":"2021-08-23T09:35:56","guid":{"rendered":"https:\/\/www.brevannes.be\/?post_type=product&#038;p=35010"},"modified":"2021-08-23T11:35:59","modified_gmt":"2021-08-23T09:35:59","slug":"chaussettes-refexologie-p-2-taille-unique","status":"publish","type":"product","link":"https:\/\/www.brevannes.be\/nl\/product\/chaussettes-refexologie-p-2-taille-unique\/","title":{"rendered":"CHAUSSETTES REFEXOLOGIE P\/2 &#8211; TAILLE UNIQUE"},"content":{"rendered":"","protected":false},"excerpt":{"rendered":"<p><strong><span>Chaussettes R\u00e9flexologie Coton Par Paire Taille Unique<\/span><\/strong><\/p>\n<p><span>Avec ces chaussettes, vous pouvez rendre tous les points d&#8217;organes visibles sur les pieds.<\/span><\/p>\n<p><span>Un article tr\u00e8s recherch\u00e9 pour le d\u00e9butant int\u00e9ress\u00e9 par la r\u00e9flexologie plantaire.<\/span><\/p>\n<p><span>Par paire.<\/span><\/p>\n<p><span>Taille unique.<\/span><\/p>\n<p><span>Coton.<\/span><\/p>\n","protected":false},"featured_media":34962,"template":"","meta":[],"product_brand":[],"product_cat":[361],"product_tag":[],"class_list":{"0":"post-35010","1":"product","2":"type-product","3":"status-publish","4":"has-post-thumbnail","6":"product_cat-textile","7":"wcmo-protected-item wcmo-protected-product","9":"first","10":"instock","11":"taxable","12":"shipping-taxable","13":"product-type-simple"},"_links":{"self":[{"href":"https:\/\/www.brevannes.be\/nl\/wp-json\/wp\/v2\/product\/35010","targetHints":{"allow":["GET"]}}],"collection":[{"href":"https:\/\/www.brevannes.be\/nl\/wp-json\/wp\/v2\/product"}],"about":[{"href":"https:\/\/www.brevannes.be\/nl\/wp-json\/wp\/v2\/types\/product"}],"wp:featuredmedia":[{"embeddable":true,"href":"https:\/\/www.brevannes.be\/nl\/wp-json\/wp\/v2\/media\/34962"}],"wp:attachment":[{"href":"https:\/\/www.brevannes.be\/nl\/wp-json\/wp\/v2\/media?parent=35010"}],"wp:term":[{"taxonomy":"product_brand","embeddable":true,"href":"https:\/\/www.brevannes.be\/nl\/wp-json\/wp\/v2\/product_brand?post=35010"},{"taxonomy":"product_cat","embeddable":true,"href":"https:\/\/www.brevannes.be\/nl\/wp-json\/wp\/v2\/product_cat?post=35010"},{"taxonomy":"product_tag","embeddable":true,"href":"https:\/\/www.brevannes.be\/nl\/wp-json\/wp\/v2\/product_tag?post=35010"}],"curies":[{"name":"wp","href":"https:\/\/api.w.org\/{rel}","templated":true}]}}