{"id":36089,"date":"2022-07-14T15:09:46","date_gmt":"2022-07-14T13:09:46","guid":{"rendered":"https:\/\/www.brevannes.be\/?post_type=product&#038;p=36089"},"modified":"2022-07-19T14:09:06","modified_gmt":"2022-07-19T12:09:06","slug":"natural-nail-cure-drops-30ml-copie","status":"publish","type":"product","link":"https:\/\/www.brevannes.be\/nl\/product\/natural-nail-cure-drops-30ml-copie\/","title":{"rendered":"NATURAL NAIL CURE DROPS 30ML (Copie)"},"content":{"rendered":"<p><br data-mce-bogus=\"1\"><\/p>\n","protected":false},"excerpt":{"rendered":"<p><strong>PRIJS OPENBAAR VERKOOP: 17.90\u20ac &#8211; 22.95\u20ac<\/strong><\/p>\n<p><strong>Sterk gedoseerde aromatische plantenoplossing voor de verzorging van nagels.<\/strong><\/p>\n<p>NAIL-CURE DROPS is zeer rijk aan essenti\u00eble oli\u00ebn. Deze essenti\u00eble oli\u00ebn hebben een heel breed werkingsspectrum.<\/p>\n<p><strong>Gebruik<\/strong>: praktisch en makkelijk te gebruiken voor kinderen vanaf 7 jaar, volwassenen en senioren.<br \/>Kan op alle huidtypen worden aangebracht. Op het te behandelen oppervlak 2 druppels aanbrengen, 1 tot 3 maal per dag.<\/p>\n<p>NAIL-CURE DROPS is van superieure kwaliteit: ontwikkeld en vervaardigd in Belgi\u00eb. 95% plantaardig, respectvol voor de planeet.<\/p>\n<p>Omdat jij en je huid het beste verdienen!<\/p>\n<p>Inhoud: 30ml<\/p>\n","protected":false},"featured_media":36091,"template":"","meta":[],"product_brand":[],"product_cat":[347,295],"product_tag":[],"class_list":{"0":"post-36089","1":"product","2":"type-product","3":"status-publish","4":"has-post-thumbnail","6":"product_cat-by-la-nature-belgisch-laboratorium","7":"product_cat-producten-tegen-schimmelinfecties","8":"wcmo-protected-item wcmo-protected-product","10":"first","11":"instock","12":"taxable","13":"shipping-taxable","14":"product-type-simple"},"_links":{"self":[{"href":"https:\/\/www.brevannes.be\/nl\/wp-json\/wp\/v2\/product\/36089","targetHints":{"allow":["GET"]}}],"collection":[{"href":"https:\/\/www.brevannes.be\/nl\/wp-json\/wp\/v2\/product"}],"about":[{"href":"https:\/\/www.brevannes.be\/nl\/wp-json\/wp\/v2\/types\/product"}],"wp:featuredmedia":[{"embeddable":true,"href":"https:\/\/www.brevannes.be\/nl\/wp-json\/wp\/v2\/media\/36091"}],"wp:attachment":[{"href":"https:\/\/www.brevannes.be\/nl\/wp-json\/wp\/v2\/media?parent=36089"}],"wp:term":[{"taxonomy":"product_brand","embeddable":true,"href":"https:\/\/www.brevannes.be\/nl\/wp-json\/wp\/v2\/product_brand?post=36089"},{"taxonomy":"product_cat","embeddable":true,"href":"https:\/\/www.brevannes.be\/nl\/wp-json\/wp\/v2\/product_cat?post=36089"},{"taxonomy":"product_tag","embeddable":true,"href":"https:\/\/www.brevannes.be\/nl\/wp-json\/wp\/v2\/product_tag?post=36089"}],"curies":[{"name":"wp","href":"https:\/\/api.w.org\/{rel}","templated":true}]}}