{"id":36099,"date":"2022-07-14T14:25:01","date_gmt":"2022-07-14T12:25:01","guid":{"rendered":"https:\/\/www.brevannes.be\/product\/natural-skin-cure-creme-150ml\/"},"modified":"2022-07-19T14:13:30","modified_gmt":"2022-07-19T12:13:30","slug":"natural-skin-cure-creme-150ml","status":"publish","type":"product","link":"https:\/\/www.brevannes.be\/nl\/product\/natural-skin-cure-creme-150ml\/","title":{"rendered":"NATURAL SKIN CURE CREME &#8211; 150ML"},"content":{"rendered":"","protected":false},"excerpt":{"rendered":"<p>Regenereert ge\u00efnfecteerde, ge\u00efrriteerde en beschadigde huid<\/p>\n<p>Een cr\u00e8me die is rijk aan etherische oli\u00ebn<\/p>\n<p>Een antibacteri\u00eble en helende cr\u00e8me 100% natuurlijk, rijk aan desinfecterende en ontsmettende essenti\u00eble oli\u00ebn waarvan de moleculen het vermogen hebben om het huidweefsel versneld te herstellen. Skin Cure bevordert daarom natuurlijke regeneratie en genezing van uw huid. Deze cr\u00e8me verzacht, voedt en regenereert beschadigde, rode en ge\u00efrriteerde huid.<\/p>\n<p>Voorzorgsmaatregelen: Reinig de te behandelen zone \u00a0voor gebruik. \u00a0Te gebruiken door \u00a0volwassenen en kinderen vanaf 7 jaar.<\/p>\n<p>150 ML<\/p>\n","protected":false},"featured_media":36072,"template":"","meta":[],"product_brand":[],"product_cat":[347],"product_tag":[],"class_list":{"0":"post-36099","1":"product","2":"type-product","3":"status-publish","4":"has-post-thumbnail","6":"product_cat-by-la-nature-belgisch-laboratorium","7":"wcmo-protected-item wcmo-protected-product","9":"first","10":"instock","11":"taxable","12":"shipping-taxable","13":"product-type-simple"},"_links":{"self":[{"href":"https:\/\/www.brevannes.be\/nl\/wp-json\/wp\/v2\/product\/36099","targetHints":{"allow":["GET"]}}],"collection":[{"href":"https:\/\/www.brevannes.be\/nl\/wp-json\/wp\/v2\/product"}],"about":[{"href":"https:\/\/www.brevannes.be\/nl\/wp-json\/wp\/v2\/types\/product"}],"wp:featuredmedia":[{"embeddable":true,"href":"https:\/\/www.brevannes.be\/nl\/wp-json\/wp\/v2\/media\/36072"}],"wp:attachment":[{"href":"https:\/\/www.brevannes.be\/nl\/wp-json\/wp\/v2\/media?parent=36099"}],"wp:term":[{"taxonomy":"product_brand","embeddable":true,"href":"https:\/\/www.brevannes.be\/nl\/wp-json\/wp\/v2\/product_brand?post=36099"},{"taxonomy":"product_cat","embeddable":true,"href":"https:\/\/www.brevannes.be\/nl\/wp-json\/wp\/v2\/product_cat?post=36099"},{"taxonomy":"product_tag","embeddable":true,"href":"https:\/\/www.brevannes.be\/nl\/wp-json\/wp\/v2\/product_tag?post=36099"}],"curies":[{"name":"wp","href":"https:\/\/api.w.org\/{rel}","templated":true}]}}