{"id":36575,"date":"2022-11-18T15:36:52","date_gmt":"2022-11-18T14:36:52","guid":{"rendered":"https:\/\/www.brevannes.be\/?post_type=product&#038;p=36575"},"modified":"2026-04-14T12:05:25","modified_gmt":"2026-04-14T10:05:25","slug":"nail-cure-oil-10ml","status":"publish","type":"product","link":"https:\/\/www.brevannes.be\/nl\/product\/nail-cure-oil-10ml\/","title":{"rendered":"NAIL CURE OIL 10ML"},"content":{"rendered":"","protected":false},"excerpt":{"rendered":"<p>Ce produit est formul\u00e9 avec les meilleurs ingr\u00e9dients que la nature puisse offrir. 100% Naturel!<\/p>\n<p><em>Natural Nail-Cure oil est<strong>\u00a0une huile nourrissante<\/strong>\u00a0pour les ongles con\u00e7ue pour donner souplesse, force et brillance \u00e0 l\u2019ongle naturel, \u00e0 l\u2019ongle artificiel et \u00e0 la cuticule. L\u2019huile\u00a0<strong>p\u00e9n\u00e8tre profond\u00e9ment dans la peau et n\u2019est pas grasse.<\/strong><\/em><\/p>\n<p>Huile pr\u00e9cieuse riche en acides gras essentiels et vitamines.<\/p>\n<p>Notre m\u00e9lange d\u2019huile essentielle et d\u2019extrait de p\u00e9tales de rose apporte des actifs sp\u00e9cifiques pour r\u00e9g\u00e9n\u00e9rer les ongles et la peau.<\/p>\n<p>Nos ingr\u00e9dients :<\/p>\n<p>5 huiles de premi\u00e8re pression \u00e0 froid<\/p>\n<ul>\n<li>Huile de jojoba<\/li>\n<li>Huile d\u2019avocat<\/li>\n<li>Huile d\u2019argan<\/li>\n<li>L\u2019huile de germe de bl\u00e9<\/li>\n<li>Huile d\u2019olive<\/li>\n<\/ul>\n<p>8 vitamines naturelles<\/p>\n<ul>\n<li>Vit E naturelle<\/li>\n<li>Provitamine A<\/li>\n<li>Vit B1, B2, B6, B9<\/li>\n<li>Vit K, D.<\/li>\n<\/ul>\n<p>Huiles essentielles<\/p>\n<ul>\n<li>Huile de myrrhe<\/li>\n<li>Huile de g\u00e9ranium<\/li>\n<li>Huile de citron<\/li>\n<\/ul>\n","protected":false},"featured_media":36576,"template":"","meta":[],"product_brand":[],"product_cat":[346],"product_tag":[],"class_list":{"0":"post-36575","1":"product","2":"type-product","3":"status-publish","4":"has-post-thumbnail","6":"product_cat-by-la-nature","7":"wcmo-protected-item wcmo-protected-product","9":"first","10":"instock","11":"taxable","12":"shipping-taxable","13":"product-type-simple"},"_links":{"self":[{"href":"https:\/\/www.brevannes.be\/nl\/wp-json\/wp\/v2\/product\/36575","targetHints":{"allow":["GET"]}}],"collection":[{"href":"https:\/\/www.brevannes.be\/nl\/wp-json\/wp\/v2\/product"}],"about":[{"href":"https:\/\/www.brevannes.be\/nl\/wp-json\/wp\/v2\/types\/product"}],"wp:featuredmedia":[{"embeddable":true,"href":"https:\/\/www.brevannes.be\/nl\/wp-json\/wp\/v2\/media\/36576"}],"wp:attachment":[{"href":"https:\/\/www.brevannes.be\/nl\/wp-json\/wp\/v2\/media?parent=36575"}],"wp:term":[{"taxonomy":"product_brand","embeddable":true,"href":"https:\/\/www.brevannes.be\/nl\/wp-json\/wp\/v2\/product_brand?post=36575"},{"taxonomy":"product_cat","embeddable":true,"href":"https:\/\/www.brevannes.be\/nl\/wp-json\/wp\/v2\/product_cat?post=36575"},{"taxonomy":"product_tag","embeddable":true,"href":"https:\/\/www.brevannes.be\/nl\/wp-json\/wp\/v2\/product_tag?post=36575"}],"curies":[{"name":"wp","href":"https:\/\/api.w.org\/{rel}","templated":true}]}}