{"id":36967,"date":"2023-02-01T12:06:43","date_gmt":"2023-02-01T11:06:43","guid":{"rendered":"https:\/\/www.brevannes.be\/?post_type=product&#038;p=36967"},"modified":"2025-01-23T17:43:15","modified_gmt":"2025-01-23T16:43:15","slug":"set-de-nettoyage-eks","status":"publish","type":"product","link":"https:\/\/www.brevannes.be\/nl\/product\/set-de-nettoyage-eks\/","title":{"rendered":"SET DE NETTOYAGE EKS"},"content":{"rendered":"","protected":false},"excerpt":{"rendered":"<p>Les pinces plong\u00e9es trop longtemps dans un d\u00e9sinfectant ou mal rinc\u00e9es et bross\u00e9es apr\u00e8s la d\u00e9sinfection peuvent pr\u00e9senter des taches brunes. Ce ne sont pas des taches de rouille, mais un s\u00e9diment \u00e9rod\u00e9 du d\u00e9sinfectant. Pour une longue dur\u00e9e de vie de vos pinces, il est n\u00e9cessaire de les nettoyer correctement. Il est \u00e9galement important de graisser r\u00e9guli\u00e8rement les pinces avec une huile sans r\u00e9sine afin que les charni\u00e8res restent souples. Une goutte d&#8217;huile sur les charni\u00e8res fait des miracles. Avec ce set vous avez tout \u00e0 port\u00e9e de main pour un nettoyage et un graissage approfondi. Tous les accessoires sont \u00e9galement disponibles s\u00e9par\u00e9ment.<\/p>\n<p>CONTENU<\/p>\n<p>Bo\u00eete de Rangement en Plastique pour le Set<\/p>\n<p>Feuille Abrasive Micro Mesh grain 2400, 7,5 x 11 cm<\/p>\n<p>Feuille Abrasive Micro Mesh grain 4000, 7,5 x 11 cm<\/p>\n<p>Feuille Abrasive Micro Mesh grain 12000, 7,5 x 11 cm<\/p>\n<p>Lingot Abrasif<\/p>\n<p>Brosse de Surface<\/p>\n<p>Brosse \u00e0 Angle<\/p>\n<p>Stylo d\u2019Huile 12 ml<\/p>\n","protected":false},"featured_media":36968,"template":"","meta":[],"product_brand":[],"product_cat":[395],"product_tag":[],"class_list":{"0":"post-36967","1":"product","2":"type-product","3":"status-publish","4":"has-post-thumbnail","6":"product_cat-entretien-des-pinces","7":"wcmo-protected-item wcmo-protected-product","9":"first","10":"instock","11":"taxable","12":"shipping-taxable","13":"product-type-simple"},"_links":{"self":[{"href":"https:\/\/www.brevannes.be\/nl\/wp-json\/wp\/v2\/product\/36967","targetHints":{"allow":["GET"]}}],"collection":[{"href":"https:\/\/www.brevannes.be\/nl\/wp-json\/wp\/v2\/product"}],"about":[{"href":"https:\/\/www.brevannes.be\/nl\/wp-json\/wp\/v2\/types\/product"}],"wp:featuredmedia":[{"embeddable":true,"href":"https:\/\/www.brevannes.be\/nl\/wp-json\/wp\/v2\/media\/36968"}],"wp:attachment":[{"href":"https:\/\/www.brevannes.be\/nl\/wp-json\/wp\/v2\/media?parent=36967"}],"wp:term":[{"taxonomy":"product_brand","embeddable":true,"href":"https:\/\/www.brevannes.be\/nl\/wp-json\/wp\/v2\/product_brand?post=36967"},{"taxonomy":"product_cat","embeddable":true,"href":"https:\/\/www.brevannes.be\/nl\/wp-json\/wp\/v2\/product_cat?post=36967"},{"taxonomy":"product_tag","embeddable":true,"href":"https:\/\/www.brevannes.be\/nl\/wp-json\/wp\/v2\/product_tag?post=36967"}],"curies":[{"name":"wp","href":"https:\/\/api.w.org\/{rel}","templated":true}]}}