{"id":37091,"date":"2023-02-24T17:48:06","date_gmt":"2023-02-24T16:48:06","guid":{"rendered":"https:\/\/www.brevannes.be\/?post_type=product&#038;p=37091"},"modified":"2025-09-18T13:22:10","modified_gmt":"2025-09-18T11:22:10","slug":"rape-callus-pro","status":"publish","type":"product","link":"https:\/\/www.brevannes.be\/nl\/product\/rape-callus-pro\/","title":{"rendered":"RAPE CALLUS PRO"},"content":{"rendered":"","protected":false},"excerpt":{"rendered":"<p>RAPE PROFESSIONNELLE ACIER INOXYDABLE<br \/>\nAvec double surface abrasive<br \/>\nCot\u00e9 concave avec texture gros grains et cot\u00e9 convexe \u00e0 texture fine pour lissage et finitions<br \/>\nSt\u00e9rilisable jusqu&#8217;a 250\u00b0 , autoclavable<\/p>\n","protected":false},"featured_media":37092,"template":"","meta":[],"product_brand":[],"product_cat":[105],"product_tag":[],"class_list":{"0":"post-37091","1":"product","2":"type-product","3":"status-publish","4":"has-post-thumbnail","6":"product_cat-rapes","7":"wcmo-protected-item wcmo-protected-product","9":"first","10":"instock","11":"taxable","12":"shipping-taxable","13":"product-type-simple"},"_links":{"self":[{"href":"https:\/\/www.brevannes.be\/nl\/wp-json\/wp\/v2\/product\/37091","targetHints":{"allow":["GET"]}}],"collection":[{"href":"https:\/\/www.brevannes.be\/nl\/wp-json\/wp\/v2\/product"}],"about":[{"href":"https:\/\/www.brevannes.be\/nl\/wp-json\/wp\/v2\/types\/product"}],"wp:featuredmedia":[{"embeddable":true,"href":"https:\/\/www.brevannes.be\/nl\/wp-json\/wp\/v2\/media\/37092"}],"wp:attachment":[{"href":"https:\/\/www.brevannes.be\/nl\/wp-json\/wp\/v2\/media?parent=37091"}],"wp:term":[{"taxonomy":"product_brand","embeddable":true,"href":"https:\/\/www.brevannes.be\/nl\/wp-json\/wp\/v2\/product_brand?post=37091"},{"taxonomy":"product_cat","embeddable":true,"href":"https:\/\/www.brevannes.be\/nl\/wp-json\/wp\/v2\/product_cat?post=37091"},{"taxonomy":"product_tag","embeddable":true,"href":"https:\/\/www.brevannes.be\/nl\/wp-json\/wp\/v2\/product_tag?post=37091"}],"curies":[{"name":"wp","href":"https:\/\/api.w.org\/{rel}","templated":true}]}}