{"id":37958,"date":"2023-10-20T15:30:51","date_gmt":"2023-10-20T13:30:51","guid":{"rendered":"https:\/\/www.brevannes.be\/?post_type=product&#038;p=37958"},"modified":"2026-03-31T11:33:51","modified_gmt":"2026-03-31T09:33:51","slug":"lessentiel-des-techniques-speciales-j-mathieu","status":"publish","type":"product","link":"https:\/\/www.brevannes.be\/nl\/product\/lessentiel-des-techniques-speciales-j-mathieu\/","title":{"rendered":"L&#8217;ESSENTIEL DES TECHNIQUES SPECIALES &#8211; J.MATHIEU"},"content":{"rendered":"","protected":false},"excerpt":{"rendered":"<p class=\"font_8 wixui-rich-text__text\"><span class=\"wixui-rich-text__text\">Un recueil qui vous fera d\u00e9couvrir la vaste mati\u00e8re des orthonyxies et ses fixations, des orthoplasties, la photopolym\u00e9risation, les m\u00e8ches, les contentions nocturnes, tapping\u2026<\/span><\/p>\n<p class=\"font_8 wixui-rich-text__text\"><span class=\"wixui-rich-text__text\">Vous trouverez tous les proc\u00e9d\u00e9s, le mat\u00e9riel, les applications et les propri\u00e9t\u00e9s des produits, les mat\u00e9riaux\u2026<\/span><\/p>\n<p class=\"font_8 wixui-rich-text__text\"><span class=\"wixui-rich-text__text\">Un support pour les \u00e9tudiants et les praticiens confirm\u00e9s !<\/span><\/p>\n","protected":false},"featured_media":37959,"template":"","meta":[],"product_brand":[],"product_cat":[159],"product_tag":[],"class_list":{"0":"post-37958","1":"product","2":"type-product","3":"status-publish","4":"has-post-thumbnail","6":"product_cat-didactique","7":"wcmo-protected-item wcmo-protected-product","9":"first","10":"instock","11":"taxable","12":"shipping-taxable","13":"product-type-simple"},"_links":{"self":[{"href":"https:\/\/www.brevannes.be\/nl\/wp-json\/wp\/v2\/product\/37958","targetHints":{"allow":["GET"]}}],"collection":[{"href":"https:\/\/www.brevannes.be\/nl\/wp-json\/wp\/v2\/product"}],"about":[{"href":"https:\/\/www.brevannes.be\/nl\/wp-json\/wp\/v2\/types\/product"}],"wp:featuredmedia":[{"embeddable":true,"href":"https:\/\/www.brevannes.be\/nl\/wp-json\/wp\/v2\/media\/37959"}],"wp:attachment":[{"href":"https:\/\/www.brevannes.be\/nl\/wp-json\/wp\/v2\/media?parent=37958"}],"wp:term":[{"taxonomy":"product_brand","embeddable":true,"href":"https:\/\/www.brevannes.be\/nl\/wp-json\/wp\/v2\/product_brand?post=37958"},{"taxonomy":"product_cat","embeddable":true,"href":"https:\/\/www.brevannes.be\/nl\/wp-json\/wp\/v2\/product_cat?post=37958"},{"taxonomy":"product_tag","embeddable":true,"href":"https:\/\/www.brevannes.be\/nl\/wp-json\/wp\/v2\/product_tag?post=37958"}],"curies":[{"name":"wp","href":"https:\/\/api.w.org\/{rel}","templated":true}]}}