{"id":38067,"date":"2023-11-15T11:49:25","date_gmt":"2023-11-15T10:49:25","guid":{"rendered":"https:\/\/www.brevannes.be\/?post_type=product&#038;p=38067"},"modified":"2023-11-15T11:49:29","modified_gmt":"2023-11-15T10:49:29","slug":"by-la-nature-nail-cure-oil-4ml","status":"publish","type":"product","link":"https:\/\/www.brevannes.be\/nl\/product\/by-la-nature-nail-cure-oil-4ml\/","title":{"rendered":"BY LA NATURE NAIL CURE OIL 4ML"},"content":{"rendered":"","protected":false},"excerpt":{"rendered":"<p><strong>Pr\u00e9sentoir de 24 pi\u00e8ces &#8211; Avec sachets et cartes<\/strong><\/p>\n<p>Ce produit est formul\u00e9 avec les meilleurs ingr\u00e9dients que la nature puisse offrir. 100% Naturel!<\/p>\n<p><em>Natural Nail-Cure oil est\u00a0une huile nourrissante\u00a0pour les ongles con\u00e7ue pour donner souplesse, force et brillance \u00e0 l\u2019ongle mais aussi \u00e0 l\u2019ongle artificiel et \u00e0 la cuticule. L\u2019huile\u00a0p\u00e9n\u00e8tre en profondeur dans la peau sans \u00eatre grasse.<\/em><\/p>\n<p>Huile pr\u00e9cieuse riche en acides gras essentiels et vitamines.<\/p>\n<p>Notre m\u00e9lange d\u2019huile essentielle et d\u2019extrait de p\u00e9tales de rose apporte des actifs sp\u00e9cifiques pour r\u00e9g\u00e9n\u00e9rer les ongles et la peau.<\/p>\n","protected":false},"featured_media":38074,"template":"","meta":[],"product_brand":[],"product_cat":[411],"product_tag":[],"class_list":{"0":"post-38067","1":"product","2":"type-product","3":"status-publish","4":"has-post-thumbnail","6":"product_cat-cadeaux-pour-vos-patients","7":"wcmo-protected-item wcmo-protected-product","9":"first","10":"instock","11":"taxable","12":"shipping-taxable","13":"product-type-simple"},"_links":{"self":[{"href":"https:\/\/www.brevannes.be\/nl\/wp-json\/wp\/v2\/product\/38067","targetHints":{"allow":["GET"]}}],"collection":[{"href":"https:\/\/www.brevannes.be\/nl\/wp-json\/wp\/v2\/product"}],"about":[{"href":"https:\/\/www.brevannes.be\/nl\/wp-json\/wp\/v2\/types\/product"}],"wp:featuredmedia":[{"embeddable":true,"href":"https:\/\/www.brevannes.be\/nl\/wp-json\/wp\/v2\/media\/38074"}],"wp:attachment":[{"href":"https:\/\/www.brevannes.be\/nl\/wp-json\/wp\/v2\/media?parent=38067"}],"wp:term":[{"taxonomy":"product_brand","embeddable":true,"href":"https:\/\/www.brevannes.be\/nl\/wp-json\/wp\/v2\/product_brand?post=38067"},{"taxonomy":"product_cat","embeddable":true,"href":"https:\/\/www.brevannes.be\/nl\/wp-json\/wp\/v2\/product_cat?post=38067"},{"taxonomy":"product_tag","embeddable":true,"href":"https:\/\/www.brevannes.be\/nl\/wp-json\/wp\/v2\/product_tag?post=38067"}],"curies":[{"name":"wp","href":"https:\/\/api.w.org\/{rel}","templated":true}]}}