{"id":38120,"date":"2023-11-15T18:10:50","date_gmt":"2023-11-15T17:10:50","guid":{"rendered":"https:\/\/www.brevannes.be\/?post_type=product&#038;p=38120"},"modified":"2026-01-16T14:25:11","modified_gmt":"2026-01-16T13:25:11","slug":"depileve-paraffine-tea-tree-27-kg","status":"publish","type":"product","link":"https:\/\/www.brevannes.be\/nl\/product\/depileve-paraffine-tea-tree-27-kg\/","title":{"rendered":"DEPILEVE Paraffine Tea-Tree 2,7 kg"},"content":{"rendered":"","protected":false},"excerpt":{"rendered":"<p dir=\"ltr\">Paraffine id\u00e9ale pour le traitement des pieds gr\u00e2ce \u00e0 l&#8217;action rafra\u00eechissante et purifiante de l&#8217;huile de tea-tree.<\/p>\n<p>Emballage : 2,7 kg (6 sachets d&#8217;environ 450 g).<\/p>\n","protected":false},"featured_media":38121,"template":"","meta":[],"product_brand":[],"product_cat":[412],"product_tag":[],"class_list":{"0":"post-38120","1":"product","2":"type-product","3":"status-publish","4":"has-post-thumbnail","6":"product_cat-paraffine","7":"wcmo-protected-item wcmo-protected-product","9":"first","10":"outofstock","11":"taxable","12":"shipping-taxable","13":"product-type-simple"},"_links":{"self":[{"href":"https:\/\/www.brevannes.be\/nl\/wp-json\/wp\/v2\/product\/38120","targetHints":{"allow":["GET"]}}],"collection":[{"href":"https:\/\/www.brevannes.be\/nl\/wp-json\/wp\/v2\/product"}],"about":[{"href":"https:\/\/www.brevannes.be\/nl\/wp-json\/wp\/v2\/types\/product"}],"wp:featuredmedia":[{"embeddable":true,"href":"https:\/\/www.brevannes.be\/nl\/wp-json\/wp\/v2\/media\/38121"}],"wp:attachment":[{"href":"https:\/\/www.brevannes.be\/nl\/wp-json\/wp\/v2\/media?parent=38120"}],"wp:term":[{"taxonomy":"product_brand","embeddable":true,"href":"https:\/\/www.brevannes.be\/nl\/wp-json\/wp\/v2\/product_brand?post=38120"},{"taxonomy":"product_cat","embeddable":true,"href":"https:\/\/www.brevannes.be\/nl\/wp-json\/wp\/v2\/product_cat?post=38120"},{"taxonomy":"product_tag","embeddable":true,"href":"https:\/\/www.brevannes.be\/nl\/wp-json\/wp\/v2\/product_tag?post=38120"}],"curies":[{"name":"wp","href":"https:\/\/api.w.org\/{rel}","templated":true}]}}