{"id":38127,"date":"2023-11-15T18:16:49","date_gmt":"2023-11-15T17:16:49","guid":{"rendered":"https:\/\/www.brevannes.be\/?post_type=product&#038;p=38127"},"modified":"2026-01-16T14:24:59","modified_gmt":"2026-01-16T13:24:59","slug":"depileve-paraffine-huile-lavande-27-kg","status":"publish","type":"product","link":"https:\/\/www.brevannes.be\/nl\/product\/depileve-paraffine-huile-lavande-27-kg\/","title":{"rendered":"DEPILEVE Paraffine Huile Lavande 2,7 kg"},"content":{"rendered":"","protected":false},"excerpt":{"rendered":"<p dir=\"ltr\">Paraffine douce au parfum d&#8217;\u00e9t\u00e9 floral qui apaise, adoucit, d\u00e9tend et hydrate la peau en profondeur.<\/p>\n<p>Riche en huile de lavande et en vitamine E.<\/p>\n<p>Emballage : 2,7 kg (6 sachets d&#8217;environ 450 g).<\/p>\n","protected":false},"featured_media":38128,"template":"","meta":[],"product_brand":[],"product_cat":[412],"product_tag":[],"class_list":{"0":"post-38127","1":"product","2":"type-product","3":"status-publish","4":"has-post-thumbnail","6":"product_cat-paraffine","7":"wcmo-protected-item wcmo-protected-product","9":"first","10":"outofstock","11":"taxable","12":"shipping-taxable","13":"product-type-simple"},"_links":{"self":[{"href":"https:\/\/www.brevannes.be\/nl\/wp-json\/wp\/v2\/product\/38127","targetHints":{"allow":["GET"]}}],"collection":[{"href":"https:\/\/www.brevannes.be\/nl\/wp-json\/wp\/v2\/product"}],"about":[{"href":"https:\/\/www.brevannes.be\/nl\/wp-json\/wp\/v2\/types\/product"}],"wp:featuredmedia":[{"embeddable":true,"href":"https:\/\/www.brevannes.be\/nl\/wp-json\/wp\/v2\/media\/38128"}],"wp:attachment":[{"href":"https:\/\/www.brevannes.be\/nl\/wp-json\/wp\/v2\/media?parent=38127"}],"wp:term":[{"taxonomy":"product_brand","embeddable":true,"href":"https:\/\/www.brevannes.be\/nl\/wp-json\/wp\/v2\/product_brand?post=38127"},{"taxonomy":"product_cat","embeddable":true,"href":"https:\/\/www.brevannes.be\/nl\/wp-json\/wp\/v2\/product_cat?post=38127"},{"taxonomy":"product_tag","embeddable":true,"href":"https:\/\/www.brevannes.be\/nl\/wp-json\/wp\/v2\/product_tag?post=38127"}],"curies":[{"name":"wp","href":"https:\/\/api.w.org\/{rel}","templated":true}]}}