{"id":38130,"date":"2023-11-15T18:21:01","date_gmt":"2023-11-15T17:21:01","guid":{"rendered":"https:\/\/www.brevannes.be\/?post_type=product&#038;p=38130"},"modified":"2023-11-15T18:21:09","modified_gmt":"2023-11-15T17:21:09","slug":"depileve-dermospray-220-ml","status":"publish","type":"product","link":"https:\/\/www.brevannes.be\/nl\/product\/depileve-dermospray-220-ml\/","title":{"rendered":"DEPILEVE Dermospray 220 ml"},"content":{"rendered":"","protected":false},"excerpt":{"rendered":"<p dir=\"ltr\">Spray qui nettoie profond\u00e9ment les mains et les pieds en pr\u00e9paration d&#8217;un bain paraffine.<\/p>\n<p dir=\"ltr\">Le spray convient aussi pour le nettoyage du mat\u00e9riel l\u00e9g\u00e8rement sale.<\/p>\n<p>Emballage : flacon spray de 220 ml.<\/p>\n<div><b>Substances actives<\/b><\/div>\n<div>Le laureth sulfate de sodium est un agent nettoyant et \u00e9mulsifiant efficace.<\/div>\n<div><\/div>\n<div><b>Mode d&#8217;emploi<\/b><\/div>\n<div>Pulv\u00e9risez abondamment sur les mains, les pieds ou les instruments et s\u00e9chez avec un tissu.<\/div>\n","protected":false},"featured_media":38131,"template":"","meta":[],"product_brand":[],"product_cat":[412],"product_tag":[],"class_list":{"0":"post-38130","1":"product","2":"type-product","3":"status-publish","4":"has-post-thumbnail","6":"product_cat-paraffine","7":"wcmo-protected-item wcmo-protected-product","9":"first","10":"instock","11":"taxable","12":"shipping-taxable","13":"product-type-simple"},"_links":{"self":[{"href":"https:\/\/www.brevannes.be\/nl\/wp-json\/wp\/v2\/product\/38130","targetHints":{"allow":["GET"]}}],"collection":[{"href":"https:\/\/www.brevannes.be\/nl\/wp-json\/wp\/v2\/product"}],"about":[{"href":"https:\/\/www.brevannes.be\/nl\/wp-json\/wp\/v2\/types\/product"}],"wp:featuredmedia":[{"embeddable":true,"href":"https:\/\/www.brevannes.be\/nl\/wp-json\/wp\/v2\/media\/38131"}],"wp:attachment":[{"href":"https:\/\/www.brevannes.be\/nl\/wp-json\/wp\/v2\/media?parent=38130"}],"wp:term":[{"taxonomy":"product_brand","embeddable":true,"href":"https:\/\/www.brevannes.be\/nl\/wp-json\/wp\/v2\/product_brand?post=38130"},{"taxonomy":"product_cat","embeddable":true,"href":"https:\/\/www.brevannes.be\/nl\/wp-json\/wp\/v2\/product_cat?post=38130"},{"taxonomy":"product_tag","embeddable":true,"href":"https:\/\/www.brevannes.be\/nl\/wp-json\/wp\/v2\/product_tag?post=38130"}],"curies":[{"name":"wp","href":"https:\/\/api.w.org\/{rel}","templated":true}]}}