{"id":38138,"date":"2023-11-16T11:44:45","date_gmt":"2023-11-16T10:44:45","guid":{"rendered":"https:\/\/www.brevannes.be\/?post_type=product&#038;p=38138"},"modified":"2025-11-27T19:07:59","modified_gmt":"2025-11-27T18:07:59","slug":"busch-coupe-fine-gaucher-ref429fx060l","status":"publish","type":"product","link":"https:\/\/www.brevannes.be\/nl\/product\/busch-coupe-fine-gaucher-ref429fx060l\/","title":{"rendered":"BUSCH COUPE FINE GAUCHER REF:429FX060L"},"content":{"rendered":"","protected":false},"excerpt":{"rendered":"<p>Cette fraise est sp\u00e9cifiquement utilis\u00e9e pour le traitement d\u00e9licat de la plaque ungu\u00e9ale avant le polissage.<\/p>\n<p>Cette fraise est utilis\u00e9e avec une rotation vers la gauche, par cons\u00e9quent elle est appropri\u00e9e pour les gauchers.<\/p>\n<p>Vitesse conseill\u00e9e +\/-15.000 TM<\/p>\n<p>&nbsp;<\/p>\n","protected":false},"featured_media":38139,"template":"","meta":[],"product_brand":[],"product_cat":[457,184],"product_tag":[],"class_list":{"0":"post-38138","1":"product","2":"type-product","3":"status-publish","4":"has-post-thumbnail","6":"product_cat-busch","7":"product_cat-ongles","8":"wcmo-protected-item wcmo-protected-product","10":"first","11":"instock","12":"taxable","13":"shipping-taxable","14":"product-type-simple"},"_links":{"self":[{"href":"https:\/\/www.brevannes.be\/nl\/wp-json\/wp\/v2\/product\/38138","targetHints":{"allow":["GET"]}}],"collection":[{"href":"https:\/\/www.brevannes.be\/nl\/wp-json\/wp\/v2\/product"}],"about":[{"href":"https:\/\/www.brevannes.be\/nl\/wp-json\/wp\/v2\/types\/product"}],"wp:featuredmedia":[{"embeddable":true,"href":"https:\/\/www.brevannes.be\/nl\/wp-json\/wp\/v2\/media\/38139"}],"wp:attachment":[{"href":"https:\/\/www.brevannes.be\/nl\/wp-json\/wp\/v2\/media?parent=38138"}],"wp:term":[{"taxonomy":"product_brand","embeddable":true,"href":"https:\/\/www.brevannes.be\/nl\/wp-json\/wp\/v2\/product_brand?post=38138"},{"taxonomy":"product_cat","embeddable":true,"href":"https:\/\/www.brevannes.be\/nl\/wp-json\/wp\/v2\/product_cat?post=38138"},{"taxonomy":"product_tag","embeddable":true,"href":"https:\/\/www.brevannes.be\/nl\/wp-json\/wp\/v2\/product_tag?post=38138"}],"curies":[{"name":"wp","href":"https:\/\/api.w.org\/{rel}","templated":true}]}}