{"id":38144,"date":"2023-11-16T12:01:11","date_gmt":"2023-11-16T11:01:11","guid":{"rendered":"https:\/\/www.brevannes.be\/?post_type=product&#038;p=38144"},"modified":"2025-11-27T19:07:58","modified_gmt":"2025-11-27T18:07:58","slug":"busch-t-speed-cylindrique-reft431speed065","status":"publish","type":"product","link":"https:\/\/www.brevannes.be\/nl\/product\/busch-t-speed-cylindrique-reft431speed065\/","title":{"rendered":"BUSCH T-SPEED CYLINDRIQUE REF:T431SPEED065"},"content":{"rendered":"","protected":false},"excerpt":{"rendered":"<p>Pour de tr\u00e8s gros ongles \u00e9pais ou \u00e0 mycoses jusqu\u2019\u00e0 la construction d\u2019ongles artificiels, la fraise SPEED en carbure certifi\u00e9e vous aidera \u00e0 travailler plus rapidement et tout en s\u00e9curit\u00e9 pour un r\u00e9sultat parfait.<\/p>\n<p>Vitesse conseill\u00e9e: +\/- 15.000 TM<\/p>\n","protected":false},"featured_media":38145,"template":"","meta":[],"product_brand":[],"product_cat":[457,184],"product_tag":[],"class_list":{"0":"post-38144","1":"product","2":"type-product","3":"status-publish","4":"has-post-thumbnail","6":"product_cat-busch","7":"product_cat-ongles","8":"wcmo-protected-item wcmo-protected-product","10":"first","11":"instock","12":"taxable","13":"shipping-taxable","14":"product-type-simple"},"_links":{"self":[{"href":"https:\/\/www.brevannes.be\/nl\/wp-json\/wp\/v2\/product\/38144","targetHints":{"allow":["GET"]}}],"collection":[{"href":"https:\/\/www.brevannes.be\/nl\/wp-json\/wp\/v2\/product"}],"about":[{"href":"https:\/\/www.brevannes.be\/nl\/wp-json\/wp\/v2\/types\/product"}],"wp:featuredmedia":[{"embeddable":true,"href":"https:\/\/www.brevannes.be\/nl\/wp-json\/wp\/v2\/media\/38145"}],"wp:attachment":[{"href":"https:\/\/www.brevannes.be\/nl\/wp-json\/wp\/v2\/media?parent=38144"}],"wp:term":[{"taxonomy":"product_brand","embeddable":true,"href":"https:\/\/www.brevannes.be\/nl\/wp-json\/wp\/v2\/product_brand?post=38144"},{"taxonomy":"product_cat","embeddable":true,"href":"https:\/\/www.brevannes.be\/nl\/wp-json\/wp\/v2\/product_cat?post=38144"},{"taxonomy":"product_tag","embeddable":true,"href":"https:\/\/www.brevannes.be\/nl\/wp-json\/wp\/v2\/product_tag?post=38144"}],"curies":[{"name":"wp","href":"https:\/\/api.w.org\/{rel}","templated":true}]}}