{"id":38147,"date":"2023-11-16T12:08:49","date_gmt":"2023-11-16T11:08:49","guid":{"rendered":"https:\/\/www.brevannes.be\/?post_type=product&#038;p=38147"},"modified":"2025-11-27T19:07:58","modified_gmt":"2025-11-27T18:07:58","slug":"busch-t-speed-plus-conique-reft429speedplus060","status":"publish","type":"product","link":"https:\/\/www.brevannes.be\/nl\/product\/busch-t-speed-plus-conique-reft429speedplus060\/","title":{"rendered":"BUSCH T-SPEED PLUS CONIQUE REF:T429SPEEDPLUS060"},"content":{"rendered":"","protected":false},"excerpt":{"rendered":"<p>La coupe SPEED permet d\u2019enlever rapidement et efficacement la masse ungu\u00e9ale et d\u2019obtenir en m\u00eame temps une surface ungu\u00e9ale impeccablement liss\u00e9e, alors que le bout arrondi non dentel\u00e9 garantit un travail tout en s\u00e9curit\u00e9.<\/p>\n<p>La version T-SPEED PLUS, pouvant se mesurer \u00e0 du mat\u00e9riel plus dure, sera elle meilleure pour une finition des ongles en acrylique.<\/p>\n<p>Vitesse conseill\u00e9e: +\/- 15.000 TM<\/p>\n","protected":false},"featured_media":38148,"template":"","meta":[],"product_brand":[],"product_cat":[457,184],"product_tag":[],"class_list":{"0":"post-38147","1":"product","2":"type-product","3":"status-publish","4":"has-post-thumbnail","6":"product_cat-busch","7":"product_cat-ongles","8":"wcmo-protected-item wcmo-protected-product","10":"first","11":"instock","12":"taxable","13":"shipping-taxable","14":"product-type-simple"},"_links":{"self":[{"href":"https:\/\/www.brevannes.be\/nl\/wp-json\/wp\/v2\/product\/38147","targetHints":{"allow":["GET"]}}],"collection":[{"href":"https:\/\/www.brevannes.be\/nl\/wp-json\/wp\/v2\/product"}],"about":[{"href":"https:\/\/www.brevannes.be\/nl\/wp-json\/wp\/v2\/types\/product"}],"wp:featuredmedia":[{"embeddable":true,"href":"https:\/\/www.brevannes.be\/nl\/wp-json\/wp\/v2\/media\/38148"}],"wp:attachment":[{"href":"https:\/\/www.brevannes.be\/nl\/wp-json\/wp\/v2\/media?parent=38147"}],"wp:term":[{"taxonomy":"product_brand","embeddable":true,"href":"https:\/\/www.brevannes.be\/nl\/wp-json\/wp\/v2\/product_brand?post=38147"},{"taxonomy":"product_cat","embeddable":true,"href":"https:\/\/www.brevannes.be\/nl\/wp-json\/wp\/v2\/product_cat?post=38147"},{"taxonomy":"product_tag","embeddable":true,"href":"https:\/\/www.brevannes.be\/nl\/wp-json\/wp\/v2\/product_tag?post=38147"}],"curies":[{"name":"wp","href":"https:\/\/api.w.org\/{rel}","templated":true}]}}