{"id":38170,"date":"2023-11-16T13:17:10","date_gmt":"2023-11-16T12:17:10","guid":{"rendered":"https:\/\/www.brevannes.be\/?post_type=product&#038;p=38170"},"modified":"2025-11-27T19:07:58","modified_gmt":"2025-11-27T18:07:58","slug":"busch-hybrid-grain-fin-refht8880095","status":"publish","type":"product","link":"https:\/\/www.brevannes.be\/nl\/product\/busch-hybrid-grain-fin-refht8880095\/","title":{"rendered":"BUSCH HYBRID GRAIN FIN REF:HT8880095"},"content":{"rendered":"","protected":false},"excerpt":{"rendered":"<p>Le Hybrid Twister est la r\u00e9volution la plus r\u00e9cente dans la gamme de fraises Busch pour l\u2019enl\u00e8vement de callosit\u00e9s.<\/p>\n<p>Celle-ci est la version pour callosit\u00e9s d\u00e9butantes.<\/p>\n<p>Elle est fabriqu\u00e9e de deux mati\u00e8res extraordinairement efficaces : le diamant et la c\u00e9ramique.<\/p>\n<p>Diam\u00e8tre: 095<\/p>\n<p>Vitesse conseill\u00e9e: Max 20.000TM<\/p>\n","protected":false},"featured_media":38172,"template":"","meta":[],"product_brand":[],"product_cat":[457,167],"product_tag":[],"class_list":{"0":"post-38170","1":"product","2":"type-product","3":"status-publish","4":"has-post-thumbnail","6":"product_cat-busch","7":"product_cat-diamant-hybrid","8":"wcmo-protected-item wcmo-protected-product","10":"first","11":"instock","12":"taxable","13":"shipping-taxable","14":"product-type-simple"},"_links":{"self":[{"href":"https:\/\/www.brevannes.be\/nl\/wp-json\/wp\/v2\/product\/38170","targetHints":{"allow":["GET"]}}],"collection":[{"href":"https:\/\/www.brevannes.be\/nl\/wp-json\/wp\/v2\/product"}],"about":[{"href":"https:\/\/www.brevannes.be\/nl\/wp-json\/wp\/v2\/types\/product"}],"wp:featuredmedia":[{"embeddable":true,"href":"https:\/\/www.brevannes.be\/nl\/wp-json\/wp\/v2\/media\/38172"}],"wp:attachment":[{"href":"https:\/\/www.brevannes.be\/nl\/wp-json\/wp\/v2\/media?parent=38170"}],"wp:term":[{"taxonomy":"product_brand","embeddable":true,"href":"https:\/\/www.brevannes.be\/nl\/wp-json\/wp\/v2\/product_brand?post=38170"},{"taxonomy":"product_cat","embeddable":true,"href":"https:\/\/www.brevannes.be\/nl\/wp-json\/wp\/v2\/product_cat?post=38170"},{"taxonomy":"product_tag","embeddable":true,"href":"https:\/\/www.brevannes.be\/nl\/wp-json\/wp\/v2\/product_tag?post=38170"}],"curies":[{"name":"wp","href":"https:\/\/api.w.org\/{rel}","templated":true}]}}