{"id":38174,"date":"2023-11-16T13:21:00","date_gmt":"2023-11-16T12:21:00","guid":{"rendered":"https:\/\/www.brevannes.be\/?post_type=product&#038;p=38174"},"modified":"2025-11-27T19:07:58","modified_gmt":"2025-11-27T18:07:58","slug":"busch-hybrid-mega-gros-grain-refht5880105","status":"publish","type":"product","link":"https:\/\/www.brevannes.be\/nl\/product\/busch-hybrid-mega-gros-grain-refht5880105\/","title":{"rendered":"BUSCH HYBRID MEGA GROS GRAIN REF:HT5880105"},"content":{"rendered":"","protected":false},"excerpt":{"rendered":"<p>Le Hybrid Twister est la r\u00e9volution la plus r\u00e9cente dans la gamme de fraises Busch pour l\u2019enl\u00e8vement de callosit\u00e9s.<\/p>\n<p>Celle-ci est la version pour callosit\u00e9s tr\u00e8s \u00e9paisses.<\/p>\n<p>Elle est fabriqu\u00e9e de deux mati\u00e8res extraordinairement efficaces : le diamant et la c\u00e9ramique.<\/p>\n<p>Diam\u00e8tre: 105<\/p>\n<p>Vitesse conseill\u00e9e: Max 20.000TM<\/p>\n","protected":false},"featured_media":38175,"template":"","meta":[],"product_brand":[],"product_cat":[457,167],"product_tag":[],"class_list":{"0":"post-38174","1":"product","2":"type-product","3":"status-publish","4":"has-post-thumbnail","6":"product_cat-busch","7":"product_cat-diamant-hybrid","8":"wcmo-protected-item wcmo-protected-product","10":"first","11":"instock","12":"taxable","13":"shipping-taxable","14":"product-type-simple"},"_links":{"self":[{"href":"https:\/\/www.brevannes.be\/nl\/wp-json\/wp\/v2\/product\/38174","targetHints":{"allow":["GET"]}}],"collection":[{"href":"https:\/\/www.brevannes.be\/nl\/wp-json\/wp\/v2\/product"}],"about":[{"href":"https:\/\/www.brevannes.be\/nl\/wp-json\/wp\/v2\/types\/product"}],"wp:featuredmedia":[{"embeddable":true,"href":"https:\/\/www.brevannes.be\/nl\/wp-json\/wp\/v2\/media\/38175"}],"wp:attachment":[{"href":"https:\/\/www.brevannes.be\/nl\/wp-json\/wp\/v2\/media?parent=38174"}],"wp:term":[{"taxonomy":"product_brand","embeddable":true,"href":"https:\/\/www.brevannes.be\/nl\/wp-json\/wp\/v2\/product_brand?post=38174"},{"taxonomy":"product_cat","embeddable":true,"href":"https:\/\/www.brevannes.be\/nl\/wp-json\/wp\/v2\/product_cat?post=38174"},{"taxonomy":"product_tag","embeddable":true,"href":"https:\/\/www.brevannes.be\/nl\/wp-json\/wp\/v2\/product_tag?post=38174"}],"curies":[{"name":"wp","href":"https:\/\/api.w.org\/{rel}","templated":true}]}}