{"id":38284,"date":"2023-11-17T12:52:02","date_gmt":"2023-11-17T11:52:02","guid":{"rendered":"https:\/\/www.brevannes.be\/?post_type=product&#038;p=38284"},"modified":"2025-11-27T19:07:57","modified_gmt":"2025-11-27T18:07:57","slug":"busch-diamantee-super-gros-grain-ref5369085","status":"publish","type":"product","link":"https:\/\/www.brevannes.be\/nl\/product\/busch-diamantee-super-gros-grain-ref5369085\/","title":{"rendered":"BUSCH Diamant\u00e9e Super Gros Grain REF:5369085"},"content":{"rendered":"","protected":false},"excerpt":{"rendered":"<p>Fraise diamant\u00e9e avec une tr\u00e8s forte rugosit\u00e9 pour l\u2019enl\u00e8vement des callosit\u00e9s.<\/p>\n<p>Diam\u00e8tre: 085<\/p>\n<p>Vitesse conseill\u00e9e: +\/- 17.000 TM<\/p>\n","protected":false},"featured_media":38285,"template":"","meta":[],"product_brand":[],"product_cat":[457,164],"product_tag":[],"class_list":{"0":"post-38284","1":"product","2":"type-product","3":"status-publish","4":"has-post-thumbnail","6":"product_cat-busch","7":"product_cat-gros-grain","8":"wcmo-protected-item wcmo-protected-product","10":"first","11":"instock","12":"taxable","13":"shipping-taxable","14":"product-type-simple"},"_links":{"self":[{"href":"https:\/\/www.brevannes.be\/nl\/wp-json\/wp\/v2\/product\/38284","targetHints":{"allow":["GET"]}}],"collection":[{"href":"https:\/\/www.brevannes.be\/nl\/wp-json\/wp\/v2\/product"}],"about":[{"href":"https:\/\/www.brevannes.be\/nl\/wp-json\/wp\/v2\/types\/product"}],"wp:featuredmedia":[{"embeddable":true,"href":"https:\/\/www.brevannes.be\/nl\/wp-json\/wp\/v2\/media\/38285"}],"wp:attachment":[{"href":"https:\/\/www.brevannes.be\/nl\/wp-json\/wp\/v2\/media?parent=38284"}],"wp:term":[{"taxonomy":"product_brand","embeddable":true,"href":"https:\/\/www.brevannes.be\/nl\/wp-json\/wp\/v2\/product_brand?post=38284"},{"taxonomy":"product_cat","embeddable":true,"href":"https:\/\/www.brevannes.be\/nl\/wp-json\/wp\/v2\/product_cat?post=38284"},{"taxonomy":"product_tag","embeddable":true,"href":"https:\/\/www.brevannes.be\/nl\/wp-json\/wp\/v2\/product_tag?post=38284"}],"curies":[{"name":"wp","href":"https:\/\/api.w.org\/{rel}","templated":true}]}}