{"id":38486,"date":"2023-11-30T12:27:37","date_gmt":"2023-11-30T11:27:37","guid":{"rendered":"https:\/\/www.brevannes.be\/?post_type=product&#038;p=38486"},"modified":"2026-02-11T17:30:04","modified_gmt":"2026-02-11T16:30:04","slug":"formation-orthoplasties-liquides","status":"publish","type":"product","link":"https:\/\/www.brevannes.be\/nl\/product\/formation-orthoplasties-liquides\/","title":{"rendered":"<b>LES ORTHOPLASTIES LIQUIDES ET TRAMEES <\/b>: 20\/06\/2026 \u00b7 11h00 &#8211; 17h30"},"content":{"rendered":"","protected":false},"excerpt":{"rendered":"<div dir=\"auto\">\n<div dir=\"auto\">\n<div dir=\"auto\">\n<div dir=\"auto\">\n<p><strong>Ce que vous apprendrez lors de cette journ\u00e9e:<\/strong><\/p>\n<p>En compl\u00e9ment des orthoplasties de base, ce module vous permettra de r\u00e9aliser des <strong>orth\u00e8ses<\/strong> <strong>ultra fines<\/strong>. Ces derni\u00e8res prennent moins de place dans les chaussures plus \u00e9troites (escarpins par ex).<\/p>\n<p>Vous r\u00e9aliserez les orth\u00e8ses \u00e0 base de silicone p\u00e2te semi-rigide mais \u00e9galement avec du silicone liquide. Objectif\u00a0: Vous serez capable de r\u00e9aliser une orth\u00e8se pour hallux valgus avec exostose ou griffe d\u2019orteils.<\/p>\n<p><strong>En fonction des \u00e9changes et des demandes lors du cours, d&#8217;autres techniques peuvent \u00eatre vues et\/ou approfondies.<\/strong><\/p>\n<p><strong>Comprenant:<\/strong> Syllabus, lunch et boissons et attestations (participation &#8211; Footcare &#8211; P\u00e9disant\u00e9).<\/p>\n<p>Donn\u00e9e par HENRI Kathleen.<\/p>\n<\/div>\n<\/div>\n<\/div>\n<\/div>\n","protected":false},"featured_media":43127,"template":"","meta":[],"product_brand":[],"product_cat":[133],"product_tag":[],"class_list":{"0":"post-38486","1":"product","2":"type-product","3":"status-publish","4":"has-post-thumbnail","6":"product_cat-formations","7":"wcmo-protected-item wcmo-protected-product","9":"first","10":"instock","11":"virtual","12":"taxable","13":"product-type-simple"},"_links":{"self":[{"href":"https:\/\/www.brevannes.be\/nl\/wp-json\/wp\/v2\/product\/38486","targetHints":{"allow":["GET"]}}],"collection":[{"href":"https:\/\/www.brevannes.be\/nl\/wp-json\/wp\/v2\/product"}],"about":[{"href":"https:\/\/www.brevannes.be\/nl\/wp-json\/wp\/v2\/types\/product"}],"wp:featuredmedia":[{"embeddable":true,"href":"https:\/\/www.brevannes.be\/nl\/wp-json\/wp\/v2\/media\/43127"}],"wp:attachment":[{"href":"https:\/\/www.brevannes.be\/nl\/wp-json\/wp\/v2\/media?parent=38486"}],"wp:term":[{"taxonomy":"product_brand","embeddable":true,"href":"https:\/\/www.brevannes.be\/nl\/wp-json\/wp\/v2\/product_brand?post=38486"},{"taxonomy":"product_cat","embeddable":true,"href":"https:\/\/www.brevannes.be\/nl\/wp-json\/wp\/v2\/product_cat?post=38486"},{"taxonomy":"product_tag","embeddable":true,"href":"https:\/\/www.brevannes.be\/nl\/wp-json\/wp\/v2\/product_tag?post=38486"}],"curies":[{"name":"wp","href":"https:\/\/api.w.org\/{rel}","templated":true}]}}