{"id":38775,"date":"2024-02-06T11:32:51","date_gmt":"2024-02-06T10:32:51","guid":{"rendered":"https:\/\/www.brevannes.be\/?post_type=product&#038;p=38775"},"modified":"2024-02-06T11:33:04","modified_gmt":"2024-02-06T10:33:04","slug":"bio-balance-cuticle-remover-gel-50ml","status":"publish","type":"product","link":"https:\/\/www.brevannes.be\/nl\/product\/bio-balance-cuticle-remover-gel-50ml\/","title":{"rendered":"BIO BALANCE CUTICLE REMOVER GEL 50ML"},"content":{"rendered":"","protected":false},"excerpt":{"rendered":"<p>Le Cuticle Remover Gel adoucit les cuticules afin de les repousser plus facilement et moins douloureusement. Gr\u00e2ce au tube pratique dot\u00e9 d&#8217;un embout fin, le gel peut \u00eatre appliqu\u00e9 de mani\u00e8re pr\u00e9cise et nette.<\/p>\n<p>La formule, qui est douce pour la peau et les ongles, a \u00e9t\u00e9 enrichie en acide salicylique (2 %) et en divers acides de fruits qui ramollissent la couche corn\u00e9e de la peau afin de pouvoir enlever les cuticules.<\/p>\n<p>La peau est plus lisse et semble plus uniforme.<\/p>\n","protected":false},"featured_media":38776,"template":"","meta":[],"product_brand":[],"product_cat":[363],"product_tag":[],"class_list":{"0":"post-38775","1":"product","2":"type-product","3":"status-publish","4":"has-post-thumbnail","6":"product_cat-accessoires-de-manucure","7":"wcmo-protected-item wcmo-protected-product","9":"first","10":"instock","11":"taxable","12":"shipping-taxable","13":"product-type-simple"},"_links":{"self":[{"href":"https:\/\/www.brevannes.be\/nl\/wp-json\/wp\/v2\/product\/38775","targetHints":{"allow":["GET"]}}],"collection":[{"href":"https:\/\/www.brevannes.be\/nl\/wp-json\/wp\/v2\/product"}],"about":[{"href":"https:\/\/www.brevannes.be\/nl\/wp-json\/wp\/v2\/types\/product"}],"wp:featuredmedia":[{"embeddable":true,"href":"https:\/\/www.brevannes.be\/nl\/wp-json\/wp\/v2\/media\/38776"}],"wp:attachment":[{"href":"https:\/\/www.brevannes.be\/nl\/wp-json\/wp\/v2\/media?parent=38775"}],"wp:term":[{"taxonomy":"product_brand","embeddable":true,"href":"https:\/\/www.brevannes.be\/nl\/wp-json\/wp\/v2\/product_brand?post=38775"},{"taxonomy":"product_cat","embeddable":true,"href":"https:\/\/www.brevannes.be\/nl\/wp-json\/wp\/v2\/product_cat?post=38775"},{"taxonomy":"product_tag","embeddable":true,"href":"https:\/\/www.brevannes.be\/nl\/wp-json\/wp\/v2\/product_tag?post=38775"}],"curies":[{"name":"wp","href":"https:\/\/api.w.org\/{rel}","templated":true}]}}