{"id":38984,"date":"2024-02-20T16:51:21","date_gmt":"2024-02-20T15:51:21","guid":{"rendered":"https:\/\/www.brevannes.be\/?post_type=product&#038;p=38984"},"modified":"2024-10-25T21:07:27","modified_gmt":"2024-10-25T19:07:27","slug":"gueridon-bellevue","status":"publish","type":"product","link":"https:\/\/www.brevannes.be\/nl\/product\/gueridon-bellevue\/","title":{"rendered":"GUERIDON BELLEVUE"},"content":{"rendered":"","protected":false},"excerpt":{"rendered":"<p class=\"p3\"><span class=\"s2\">Chariot \u00e9quip\u00e9 de 2 tiroirs + 1 tablette.<\/span><\/p>\n<p class=\"p3\"><span class=\"s2\">Les deux c\u00f4t\u00e9s sont \u00e9quip\u00e9s de supports pour fixer votre lampe grossissante.<\/span><\/p>\n<p class=\"p3\"><span class=\"s2\">Id\u00e9al pour votre micromoteur, votre bain de paraffine ou votre \u00e9quipement d\u2019\u00e9pilation \u00e0 la cire.<\/span><\/p>\n<p class=\"p3\"><span class=\"s2\">Un choix parfait pour votre cabinet ou votre salon.<\/span><\/p>\n<p class=\"p3\"><span class=\"s2\">Les dimensions de ce chariot Bellevue :<\/span><\/p>\n<p class=\"p3\"><span class=\"s2\">Hauteur\u00a0<\/span><span class=\"apple-converted-space\">91<\/span><span class=\"s2\">CM<\/span><\/p>\n<p class=\"p3\"><span class=\"s2\">Largeur 56CM Largeur totale 58CM<\/span><\/p>\n<p class=\"p3\">Profondeur\u00a0<span class=\"s2\">42CM, Profondeur\u00a0<\/span>totale\u00a0<span class=\"s2\">43CM<\/span><\/p>\n","protected":false},"featured_media":38985,"template":"","meta":[],"product_brand":[],"product_cat":[189],"product_tag":[],"class_list":{"0":"post-38984","1":"product","2":"type-product","3":"status-publish","4":"has-post-thumbnail","6":"product_cat-unite-de-podologie-et-gueridons","7":"wcmo-protected-item wcmo-protected-product","9":"first","10":"instock","11":"taxable","12":"shipping-taxable","13":"product-type-simple"},"_links":{"self":[{"href":"https:\/\/www.brevannes.be\/nl\/wp-json\/wp\/v2\/product\/38984","targetHints":{"allow":["GET"]}}],"collection":[{"href":"https:\/\/www.brevannes.be\/nl\/wp-json\/wp\/v2\/product"}],"about":[{"href":"https:\/\/www.brevannes.be\/nl\/wp-json\/wp\/v2\/types\/product"}],"wp:featuredmedia":[{"embeddable":true,"href":"https:\/\/www.brevannes.be\/nl\/wp-json\/wp\/v2\/media\/38985"}],"wp:attachment":[{"href":"https:\/\/www.brevannes.be\/nl\/wp-json\/wp\/v2\/media?parent=38984"}],"wp:term":[{"taxonomy":"product_brand","embeddable":true,"href":"https:\/\/www.brevannes.be\/nl\/wp-json\/wp\/v2\/product_brand?post=38984"},{"taxonomy":"product_cat","embeddable":true,"href":"https:\/\/www.brevannes.be\/nl\/wp-json\/wp\/v2\/product_cat?post=38984"},{"taxonomy":"product_tag","embeddable":true,"href":"https:\/\/www.brevannes.be\/nl\/wp-json\/wp\/v2\/product_tag?post=38984"}],"curies":[{"name":"wp","href":"https:\/\/api.w.org\/{rel}","templated":true}]}}