{"id":39229,"date":"2024-02-27T18:12:36","date_gmt":"2024-02-27T17:12:36","guid":{"rendered":"https:\/\/www.brevannes.be\/?post_type=product&#038;p=39229"},"modified":"2024-02-27T18:12:39","modified_gmt":"2024-02-27T17:12:39","slug":"colle-silicone-caf-3-100gr","status":"publish","type":"product","link":"https:\/\/www.brevannes.be\/nl\/product\/colle-silicone-caf-3-100gr\/","title":{"rendered":"COLLE SILICONE CAF 3 100GR"},"content":{"rendered":"","protected":false},"excerpt":{"rendered":"<p>La colle CAF 3 est un \u00e9lastom\u00e8re mono composant vulcanisant \u00e0 temp\u00e9rature ambiante.<\/p>\n<p>Mat\u00e9riau souple, \u00e9lastique et r\u00e9sistant permettant le collage ou r\u00e9paration.<\/p>\n<p>Tube de 100 gr.<\/p>\n","protected":false},"featured_media":39230,"template":"","meta":[],"product_brand":[],"product_cat":[152],"product_tag":[],"class_list":{"0":"post-39229","1":"product","2":"type-product","3":"status-publish","4":"has-post-thumbnail","6":"product_cat-podorsil","7":"wcmo-protected-item wcmo-protected-product","9":"first","10":"instock","11":"taxable","12":"shipping-taxable","13":"product-type-simple"},"_links":{"self":[{"href":"https:\/\/www.brevannes.be\/nl\/wp-json\/wp\/v2\/product\/39229","targetHints":{"allow":["GET"]}}],"collection":[{"href":"https:\/\/www.brevannes.be\/nl\/wp-json\/wp\/v2\/product"}],"about":[{"href":"https:\/\/www.brevannes.be\/nl\/wp-json\/wp\/v2\/types\/product"}],"wp:featuredmedia":[{"embeddable":true,"href":"https:\/\/www.brevannes.be\/nl\/wp-json\/wp\/v2\/media\/39230"}],"wp:attachment":[{"href":"https:\/\/www.brevannes.be\/nl\/wp-json\/wp\/v2\/media?parent=39229"}],"wp:term":[{"taxonomy":"product_brand","embeddable":true,"href":"https:\/\/www.brevannes.be\/nl\/wp-json\/wp\/v2\/product_brand?post=39229"},{"taxonomy":"product_cat","embeddable":true,"href":"https:\/\/www.brevannes.be\/nl\/wp-json\/wp\/v2\/product_cat?post=39229"},{"taxonomy":"product_tag","embeddable":true,"href":"https:\/\/www.brevannes.be\/nl\/wp-json\/wp\/v2\/product_tag?post=39229"}],"curies":[{"name":"wp","href":"https:\/\/api.w.org\/{rel}","templated":true}]}}