{"id":39232,"date":"2024-02-27T18:21:56","date_gmt":"2024-02-27T17:21:56","guid":{"rendered":"https:\/\/www.brevannes.be\/?post_type=product&#038;p=39232"},"modified":"2024-02-27T18:21:59","modified_gmt":"2024-02-27T17:21:59","slug":"podorsil-huile-silicone-50ml","status":"publish","type":"product","link":"https:\/\/www.brevannes.be\/nl\/product\/podorsil-huile-silicone-50ml\/","title":{"rendered":"PODORSIL HUILE SILICONE 50ML"},"content":{"rendered":"","protected":false},"excerpt":{"rendered":"<p>Ajout\u00e9e au PODORSIL FPC dans les proportions de 10 \u00e0 30% cette huile silicone permet d\u2019abaisser sa duret\u00e9 Shore.<\/p>\n<p>Sert \u00e9galement \u00e0 \u00e9taler le CAF3 pour la finition des orthoplasties.<\/p>\n<p>Contenu: 50ML.<\/p>\n","protected":false},"featured_media":39233,"template":"","meta":[],"product_brand":[],"product_cat":[152],"product_tag":[],"class_list":{"0":"post-39232","1":"product","2":"type-product","3":"status-publish","4":"has-post-thumbnail","6":"product_cat-podorsil","7":"wcmo-protected-item wcmo-protected-product","9":"first","10":"instock","11":"taxable","12":"shipping-taxable","13":"product-type-simple"},"_links":{"self":[{"href":"https:\/\/www.brevannes.be\/nl\/wp-json\/wp\/v2\/product\/39232","targetHints":{"allow":["GET"]}}],"collection":[{"href":"https:\/\/www.brevannes.be\/nl\/wp-json\/wp\/v2\/product"}],"about":[{"href":"https:\/\/www.brevannes.be\/nl\/wp-json\/wp\/v2\/types\/product"}],"wp:featuredmedia":[{"embeddable":true,"href":"https:\/\/www.brevannes.be\/nl\/wp-json\/wp\/v2\/media\/39233"}],"wp:attachment":[{"href":"https:\/\/www.brevannes.be\/nl\/wp-json\/wp\/v2\/media?parent=39232"}],"wp:term":[{"taxonomy":"product_brand","embeddable":true,"href":"https:\/\/www.brevannes.be\/nl\/wp-json\/wp\/v2\/product_brand?post=39232"},{"taxonomy":"product_cat","embeddable":true,"href":"https:\/\/www.brevannes.be\/nl\/wp-json\/wp\/v2\/product_cat?post=39232"},{"taxonomy":"product_tag","embeddable":true,"href":"https:\/\/www.brevannes.be\/nl\/wp-json\/wp\/v2\/product_tag?post=39232"}],"curies":[{"name":"wp","href":"https:\/\/api.w.org\/{rel}","templated":true}]}}