{"id":41948,"date":"2024-11-04T16:44:42","date_gmt":"2024-11-04T15:44:42","guid":{"rendered":"https:\/\/www.brevannes.be\/product\/tranquil-bliss-badzout-500gr\/"},"modified":"2025-04-08T10:34:16","modified_gmt":"2025-04-08T08:34:16","slug":"tranquil-bliss-badzout-500gr","status":"publish","type":"product","link":"https:\/\/www.brevannes.be\/nl\/product\/tranquil-bliss-badzout-500gr\/","title":{"rendered":"Tranquil Bliss badzout 500gr"},"content":{"rendered":"","protected":false},"excerpt":{"rendered":"<h4><strong>Vier natuurlijke reinigers:<\/strong><\/h4>\n<h5>Epsomzout \/ Himalayazout \/ Groene klei \/ Maranta arundinacea<\/h5>\n<h4>De voordelen:<\/h4>\n<div>\n<div><strong>Dieptereiniging:<\/strong> Verwijdert onzuiverheden, gifstoffen en dode huidcellen en reinigt de pori\u00ebn.<\/div>\n<div><\/div>\n<div><strong>Remineraliserende werking :<\/strong> Deze mineraalrijke ingredi\u00ebnten revitaliseren en regenereren de huid en dragen bij aan een jeugdige uitstraling.<\/div>\n<div><\/div>\n<div><strong>Kalmerende eigenschappen:<\/strong> De natuurlijke verkoelende eigenschappen helpen irritatie en ontstekingen te verlichten.<\/div>\n<div><\/div>\n<div><strong>Verbetert de gezondheid van de huid:<\/strong> Voorkomt de vorming van eelt en ruwe plekken.<\/div>\n<div><\/div>\n<div><strong>Hydratatie:<\/strong> Helpt de hydratatie en bloedsomloop op peil te houden.<\/div>\n<div><\/div>\n<div><span style=\"font-size: 23.04px;\">Vreedzame gelukzaligheid<\/span><\/div>\n<\/div>\n<div><em>Intense ontspanning:<\/em> Magnesium helpt de spieren ontspannen en kalmeert het zenuwstelsel voor een diep gevoel van welzijn.<\/div>\n<div><\/div>\n<div><em>Natuurlijke anti-stress:<\/em> Dompel jezelf onder in een warm bad en laat de stress van de dag wegsmelten. Ons badzout bevordert ontspanning en vermindert spanningen.<\/div>\n<div><\/div>\n<div><em>Zachte, gehydrateerde huid:<\/em> Ons badzout, verrijkt met klei, essenti\u00eble mineralen en essenti\u00eble oli\u00ebn, voedt je huid en maakt haar zijdezacht.<\/div>\n<div><\/div>\n<div><em>Een unieke zintuiglijke ervaring:<\/em> geniet van een moment van ontspanning met de kalmerende aroma&#8217;s van lavendel en kamille.<\/div>\n","protected":false},"featured_media":40251,"template":"","meta":[],"product_brand":[],"product_cat":[347],"product_tag":[],"class_list":{"0":"post-41948","1":"product","2":"type-product","3":"status-publish","4":"has-post-thumbnail","6":"product_cat-by-la-nature-belgisch-laboratorium","7":"wcmo-protected-item wcmo-protected-product","9":"first","10":"instock","11":"taxable","12":"shipping-taxable","13":"product-type-simple"},"_links":{"self":[{"href":"https:\/\/www.brevannes.be\/nl\/wp-json\/wp\/v2\/product\/41948","targetHints":{"allow":["GET"]}}],"collection":[{"href":"https:\/\/www.brevannes.be\/nl\/wp-json\/wp\/v2\/product"}],"about":[{"href":"https:\/\/www.brevannes.be\/nl\/wp-json\/wp\/v2\/types\/product"}],"wp:featuredmedia":[{"embeddable":true,"href":"https:\/\/www.brevannes.be\/nl\/wp-json\/wp\/v2\/media\/40251"}],"wp:attachment":[{"href":"https:\/\/www.brevannes.be\/nl\/wp-json\/wp\/v2\/media?parent=41948"}],"wp:term":[{"taxonomy":"product_brand","embeddable":true,"href":"https:\/\/www.brevannes.be\/nl\/wp-json\/wp\/v2\/product_brand?post=41948"},{"taxonomy":"product_cat","embeddable":true,"href":"https:\/\/www.brevannes.be\/nl\/wp-json\/wp\/v2\/product_cat?post=41948"},{"taxonomy":"product_tag","embeddable":true,"href":"https:\/\/www.brevannes.be\/nl\/wp-json\/wp\/v2\/product_tag?post=41948"}],"curies":[{"name":"wp","href":"https:\/\/api.w.org\/{rel}","templated":true}]}}