{"id":42058,"date":"2025-04-09T10:50:31","date_gmt":"2025-04-09T08:50:31","guid":{"rendered":"https:\/\/www.brevannes.be\/?post_type=product&#038;p=42058"},"modified":"2026-04-14T12:03:20","modified_gmt":"2026-04-14T10:03:20","slug":"cuve-tecniwork-3l-avec-vidange","status":"publish","type":"product","link":"https:\/\/www.brevannes.be\/nl\/product\/cuve-tecniwork-3l-avec-vidange\/","title":{"rendered":"CUVE A ULTRA SONS 3L AVEC VIDANGE"},"content":{"rendered":"","protected":false},"excerpt":{"rendered":"<p><strong>Bac \u00e0 ultrasons pour le nettoyage des instruments.<\/strong><\/p>\n<p><strong>R\u00e9servoir\u00a0<\/strong><strong>en acier inoxydable de 3 litres<\/strong>\u00a0avec indicateur de niveau (min. 1,5 litres &#8211; max. 2,5 litres) et\u00a0<strong>corps en r\u00e9sine<\/strong>\u00a0industrielle, con\u00e7u pour durer.<\/p>\n<p>Equip\u00e9 d&#8217;un<strong>\u00a0\u00e9cran digital LED \u00e0 3 couleurs<\/strong>, simple et intuitif, il indique clairement l&#8217;\u00e9tat de fonctionnement.<\/p>\n<p><strong>Avec 5 temps de lavage (1 \u00e0 30 min)<\/strong>,\u00a0<strong>fonction chauffage\u00a0<\/strong>(40\u00b0C \u00e0 60\u00b0C) et<strong>\u00a0d\u00e9gazage\u00a0<\/strong>pour un nettoyage puissant.<\/p>\n<p>L&#8217;appareil s&#8217;\u00e9teint automatiquement \u00e0 la fin de chaque cycle.<\/p>\n<p><strong>Programmes avanc\u00e9s<\/strong>\u00a0qui signalent le moment o\u00f9 il faut remplacer le liquide de nettoyage. L&#8217;\u00e9cran indique quand l&#8217;appareil atteint la temp\u00e9rature indiqu\u00e9e et quand il est en marche, ainsi que l&#8217;\u00e9tat de fonctionnement (d\u00e9gazage-chauffage-temp\u00e9rature-temps de nettoyage). Les fonctions de chauffage et de d\u00e9gazage peuvent \u00eatre activ\u00e9es pour augmenter l&#8217;efficacit\u00e9 du processus de nettoyage.<\/p>\n<p>La\u00a0<strong>fonction de chauffage\u00a0<\/strong>\u00a0augmente la temp\u00e9rature de la solution de nettoyage, ce qui permet de dissoudre les salissures tenaces telles que la graisse, l&#8217;huile et les r\u00e9sidus biologiques. La chaleur acc\u00e9l\u00e8re les r\u00e9actions chimiques entre le d\u00e9tergent et les impuret\u00e9s, ce qui am\u00e9liore le r\u00e9sultat final sans qu&#8217;il soit n\u00e9cessaire d&#8217;utiliser des produits agressifs.<\/p>\n<p>Le processus de\u00a0<strong>d\u00e9gazage\u00a0<\/strong>permet d&#8217;\u00e9liminer l&#8217;air dissous dans le liquide de nettoyage avant l&#8217;activation des ultrasons. La pr\u00e9sence de bulles d&#8217;air peut en effet interf\u00e9rer avec la cavitation, r\u00e9duisant ainsi l&#8217;efficacit\u00e9 du lavage.<\/p>\n","protected":false},"featured_media":42059,"template":"","meta":[],"product_brand":[],"product_cat":[134],"product_tag":[],"class_list":{"0":"post-42058","1":"product","2":"type-product","3":"status-publish","4":"has-post-thumbnail","6":"product_cat-cuves-ultra-sons","7":"wcmo-protected-item wcmo-protected-product","9":"first","10":"instock","11":"taxable","12":"shipping-taxable","13":"product-type-simple"},"_links":{"self":[{"href":"https:\/\/www.brevannes.be\/nl\/wp-json\/wp\/v2\/product\/42058","targetHints":{"allow":["GET"]}}],"collection":[{"href":"https:\/\/www.brevannes.be\/nl\/wp-json\/wp\/v2\/product"}],"about":[{"href":"https:\/\/www.brevannes.be\/nl\/wp-json\/wp\/v2\/types\/product"}],"wp:featuredmedia":[{"embeddable":true,"href":"https:\/\/www.brevannes.be\/nl\/wp-json\/wp\/v2\/media\/42059"}],"wp:attachment":[{"href":"https:\/\/www.brevannes.be\/nl\/wp-json\/wp\/v2\/media?parent=42058"}],"wp:term":[{"taxonomy":"product_brand","embeddable":true,"href":"https:\/\/www.brevannes.be\/nl\/wp-json\/wp\/v2\/product_brand?post=42058"},{"taxonomy":"product_cat","embeddable":true,"href":"https:\/\/www.brevannes.be\/nl\/wp-json\/wp\/v2\/product_cat?post=42058"},{"taxonomy":"product_tag","embeddable":true,"href":"https:\/\/www.brevannes.be\/nl\/wp-json\/wp\/v2\/product_tag?post=42058"}],"curies":[{"name":"wp","href":"https:\/\/api.w.org\/{rel}","templated":true}]}}