{"id":42120,"date":"2025-04-17T22:15:36","date_gmt":"2025-04-17T20:15:36","guid":{"rendered":"https:\/\/www.brevannes.be\/?post_type=product&#038;p=42120"},"modified":"2026-04-14T12:03:18","modified_gmt":"2026-04-14T10:03:18","slug":"feetcalm-sels-de-bain-pieds-fatigues-200gr","status":"publish","type":"product","link":"https:\/\/www.brevannes.be\/nl\/product\/feetcalm-sels-de-bain-pieds-fatigues-200gr\/","title":{"rendered":"FEETCALM SELS DE BAIN PIEDS FATIGUES 200GR"},"content":{"rendered":"","protected":false},"excerpt":{"rendered":"<h2>Sels de bain relaxants et apaisants<\/h2>\n<p>Formul\u00e9 avec des sels de la mer Morte, de l\u2019ur\u00e9e, de l\u2019aloe Vera, de l\u2019huile de tournesol, de l\u2019extrait de camomille et de la lavande, il aide \u00e0 adoucir la couche dure de la peau et facilite l\u2019\u00e9limination des callosit\u00e9s. En une seule utilisation, \u00e9liminez les peaux mortes et lissez vos pieds.<\/p>\n<p>Recommand\u00e9 pour tous les types de peau, y compris les plus sensibles. .<\/p>\n<p>Particuli\u00e8rement b\u00e9n\u00e9fique pour\u00a0<b>les pieds et les jambes souffrant de lourdeur, de picotements ou de sensations de picotement.\u00a0<\/b>Id\u00e9al pour prendre soin des pieds tr\u00e8s secs\u00a0<b>avec des callosit\u00e9s, des cors et des fissures,<\/b>\u00a0gr\u00e2ce \u00e0 ses capacit\u00e9s adoucissantes pour la peau.<\/p>\n<p>Convient aux diab\u00e9tiques<\/p>\n<p>Prix de vente conseill\u00e9: 15.00\u20ac<\/p>\n","protected":false},"featured_media":42121,"template":"","meta":[],"product_brand":[],"product_cat":[448],"product_tag":[],"class_list":{"0":"post-42120","1":"product","2":"type-product","3":"status-publish","4":"has-post-thumbnail","6":"product_cat-feetcalm","7":"wcmo-protected-item wcmo-protected-product","9":"first","10":"instock","11":"taxable","12":"shipping-taxable","13":"product-type-simple"},"_links":{"self":[{"href":"https:\/\/www.brevannes.be\/nl\/wp-json\/wp\/v2\/product\/42120","targetHints":{"allow":["GET"]}}],"collection":[{"href":"https:\/\/www.brevannes.be\/nl\/wp-json\/wp\/v2\/product"}],"about":[{"href":"https:\/\/www.brevannes.be\/nl\/wp-json\/wp\/v2\/types\/product"}],"wp:featuredmedia":[{"embeddable":true,"href":"https:\/\/www.brevannes.be\/nl\/wp-json\/wp\/v2\/media\/42121"}],"wp:attachment":[{"href":"https:\/\/www.brevannes.be\/nl\/wp-json\/wp\/v2\/media?parent=42120"}],"wp:term":[{"taxonomy":"product_brand","embeddable":true,"href":"https:\/\/www.brevannes.be\/nl\/wp-json\/wp\/v2\/product_brand?post=42120"},{"taxonomy":"product_cat","embeddable":true,"href":"https:\/\/www.brevannes.be\/nl\/wp-json\/wp\/v2\/product_cat?post=42120"},{"taxonomy":"product_tag","embeddable":true,"href":"https:\/\/www.brevannes.be\/nl\/wp-json\/wp\/v2\/product_tag?post=42120"}],"curies":[{"name":"wp","href":"https:\/\/api.w.org\/{rel}","templated":true}]}}