{"id":42245,"date":"2025-05-21T12:35:52","date_gmt":"2025-05-21T10:35:52","guid":{"rendered":"https:\/\/www.brevannes.be\/?post_type=product&#038;p=42245"},"modified":"2026-04-14T12:05:21","modified_gmt":"2026-04-14T10:05:21","slug":"serum-instant-confort-20ml","status":"publish","type":"product","link":"https:\/\/www.brevannes.be\/nl\/product\/serum-instant-confort-20ml\/","title":{"rendered":"SERUM INSTANT CONFORT 20ML"},"content":{"rendered":"","protected":false},"excerpt":{"rendered":"<p><strong>Solution SOS id\u00e9ale pour les p\u00e9dicures et podologues\u00a0<\/strong><\/p>\n<p><strong>Soigne et adoucit<\/strong> rapidement les ongles et la peau des pieds.<br \/>\nPr\u00e9vient les ongles incarn\u00e9s et am\u00e9liore l\u2019\u00e9lasticit\u00e9.<br \/>\n<strong>Aide au soin des ongles incarn\u00e9s.<\/strong><br \/>\nAdoucit la peau sous l\u2019ongle et dans le lit de l\u2019ongle.<br \/>\nAm\u00e9liore la <strong>souplesse des ongles<\/strong>.<br \/>\nPr\u00e9vient les <strong>rougeurs et les irritation<\/strong>s ind\u00e9sirables.<\/p>\n","protected":false},"featured_media":42246,"template":"","meta":[],"product_brand":[],"product_cat":[346,196],"product_tag":[],"class_list":{"0":"post-42245","1":"product","2":"type-product","3":"status-publish","4":"has-post-thumbnail","6":"product_cat-by-la-nature","7":"product_cat-produits-a-usage-professionnel","8":"wcmo-protected-item wcmo-protected-product","10":"first","11":"instock","12":"taxable","13":"shipping-taxable","14":"product-type-simple"},"_links":{"self":[{"href":"https:\/\/www.brevannes.be\/nl\/wp-json\/wp\/v2\/product\/42245","targetHints":{"allow":["GET"]}}],"collection":[{"href":"https:\/\/www.brevannes.be\/nl\/wp-json\/wp\/v2\/product"}],"about":[{"href":"https:\/\/www.brevannes.be\/nl\/wp-json\/wp\/v2\/types\/product"}],"wp:featuredmedia":[{"embeddable":true,"href":"https:\/\/www.brevannes.be\/nl\/wp-json\/wp\/v2\/media\/42246"}],"wp:attachment":[{"href":"https:\/\/www.brevannes.be\/nl\/wp-json\/wp\/v2\/media?parent=42245"}],"wp:term":[{"taxonomy":"product_brand","embeddable":true,"href":"https:\/\/www.brevannes.be\/nl\/wp-json\/wp\/v2\/product_brand?post=42245"},{"taxonomy":"product_cat","embeddable":true,"href":"https:\/\/www.brevannes.be\/nl\/wp-json\/wp\/v2\/product_cat?post=42245"},{"taxonomy":"product_tag","embeddable":true,"href":"https:\/\/www.brevannes.be\/nl\/wp-json\/wp\/v2\/product_tag?post=42245"}],"curies":[{"name":"wp","href":"https:\/\/api.w.org\/{rel}","templated":true}]}}