{"id":43245,"date":"2026-03-13T16:12:14","date_gmt":"2026-03-13T15:12:14","guid":{"rendered":"https:\/\/www.brevannes.be\/?post_type=product&#038;p=43245"},"modified":"2026-03-16T13:00:51","modified_gmt":"2026-03-16T12:00:51","slug":"aqua-tech-elite-2-0","status":"publish","type":"product","link":"https:\/\/www.brevannes.be\/nl\/product\/aqua-tech-elite-2-0\/","title":{"rendered":"AQUA TECH ELITE 2.0"},"content":{"rendered":"<ul>\n<li><span dir=\"auto\">R\u00e9gime moteur (tr\/min) : 7 000 &#8211; 40 000<\/span><\/li>\n<li><span dir=\"auto\">Moteur sans balais : Oui<\/span><\/li>\n<li><span dir=\"auto\">Moteur dentaire : Non<\/span><\/li>\n<li><span dir=\"auto\">Poids de la pi\u00e8ce \u00e0 main\u00a0: 130 grammes<\/span><\/li>\n<li><span dir=\"auto\">Contr\u00f4le de la pulv\u00e9risation : analogique<\/span><\/li>\n<li><span dir=\"auto\">Brumeux tr\u00e8s fin<\/span><\/li>\n<li><span dir=\"auto\">Consommation \u00e9conomique<\/span><\/li>\n<li><span dir=\"auto\">Pr\u00e9f\u00e9rences de pulv\u00e9risation\u00a0: N\/A<\/span><\/li>\n<li><span dir=\"auto\">Pr\u00e9f\u00e9rences du moteur : 3<\/span><\/li>\n<li><span dir=\"auto\">R\u00e9servoir de pulv\u00e9risation (amovible) : 200 ml<\/span><\/li>\n<li><span dir=\"auto\">Poids : 2,6 kg<\/span><\/li>\n<li><span dir=\"auto\">Dimensions de la base : 245 x 192 x 133 mm (l x l x h)<\/span><\/li>\n<\/ul>\n<ul>\n<li><span dir=\"auto\">En option\u00a0: commande au pied et \u00e9tui de transport<\/span><\/li>\n<\/ul>\n<div><b><span dir=\"auto\">Attention !<\/span><\/b><span dir=\"auto\">\u00a0Utilisez UNIQUEMENT de l&#8217;eau d\u00e9min\u00e9ralis\u00e9e sans additifs dans les appareils Aqua Tech !<\/span><\/div>\n<div>\n<div><b>\u00a0<\/b><\/div>\n<div><b><span dir=\"auto\">Aqua Tech Elite 2.0\u00a0: toujours aussi performant, mais encore plus l\u00e9ger<\/span><\/b><\/div>\n<div>\n<div><span dir=\"auto\">Le moteur de p\u00e9dicure Elite est dot\u00e9 d&#8217;un bloc moteur ultra-r\u00e9sistant, con\u00e7u pour les p\u00e9dicures les plus exigeantes. Gr\u00e2ce \u00e0 sa pi\u00e8ce \u00e0 main sans balais avec pince, il est id\u00e9al pour une utilisation intensive (jusqu&#8217;\u00e0 10 p\u00e9dicures par jour). Son atomisation tr\u00e8s fine garantit une faible consommation, et ses 3 m\u00e9moires de vitesse permettent de passer facilement d&#8217;une fonction \u00e0 l&#8217;autre. Disponible avec ou sans LED int\u00e9gr\u00e9e \u00e0 la pi\u00e8ce \u00e0 main.<\/span><\/div>\n<div>\n<ul>\n<li><span dir=\"auto\">Pi\u00e8ce \u00e0 main : Elite<\/span><\/li>\n<li><span dir=\"auto\">LED dans la pi\u00e8ce \u00e0 main\u00a0: non<\/span><\/li>\n<\/ul>\n<\/div>\n<\/div>\n<div><span dir=\"auto\">Recommand\u00e9 pour un maximum de\u00a0<\/span><b><span dir=\"auto\">10 p\u00e9dicures<\/span><\/b><span dir=\"auto\">\u00a0par jour.<\/span><\/div>\n<\/div>\n","protected":false},"excerpt":{"rendered":"<p>R\u00e9gime moteur (tr\/min) : 7 000 &#8211; 40 000 Moteur sans balais : Oui Moteur dentaire : Non Poids de la pi\u00e8ce \u00e0 main\u00a0: 130 grammes Contr\u00f4le de la pulv\u00e9risation : analogique Brumeux tr\u00e8s fin Consommation \u00e9conomique Pr\u00e9f\u00e9rences de pulv\u00e9risation\u00a0: N\/A Pr\u00e9f\u00e9rences du moteur : 3 R\u00e9servoir de pulv\u00e9risation (amovible) : 200 ml Poids : [&#8230;]\n","protected":false},"featured_media":43246,"template":"","meta":[],"product_brand":[],"product_cat":[141],"product_tag":[],"class_list":{"0":"post-43245","1":"product","2":"type-product","3":"status-publish","4":"has-post-thumbnail","6":"product_cat-hadewe","7":"wcmo-protected-item wcmo-protected-product","9":"first","10":"instock","11":"taxable","12":"shipping-taxable","13":"product-type-simple"},"_links":{"self":[{"href":"https:\/\/www.brevannes.be\/nl\/wp-json\/wp\/v2\/product\/43245","targetHints":{"allow":["GET"]}}],"collection":[{"href":"https:\/\/www.brevannes.be\/nl\/wp-json\/wp\/v2\/product"}],"about":[{"href":"https:\/\/www.brevannes.be\/nl\/wp-json\/wp\/v2\/types\/product"}],"wp:featuredmedia":[{"embeddable":true,"href":"https:\/\/www.brevannes.be\/nl\/wp-json\/wp\/v2\/media\/43246"}],"wp:attachment":[{"href":"https:\/\/www.brevannes.be\/nl\/wp-json\/wp\/v2\/media?parent=43245"}],"wp:term":[{"taxonomy":"product_brand","embeddable":true,"href":"https:\/\/www.brevannes.be\/nl\/wp-json\/wp\/v2\/product_brand?post=43245"},{"taxonomy":"product_cat","embeddable":true,"href":"https:\/\/www.brevannes.be\/nl\/wp-json\/wp\/v2\/product_cat?post=43245"},{"taxonomy":"product_tag","embeddable":true,"href":"https:\/\/www.brevannes.be\/nl\/wp-json\/wp\/v2\/product_tag?post=43245"}],"curies":[{"name":"wp","href":"https:\/\/api.w.org\/{rel}","templated":true}]}}