{"id":43330,"date":"2026-04-11T13:53:48","date_gmt":"2026-04-11T11:53:48","guid":{"rendered":"https:\/\/www.brevannes.be\/?post_type=product&#038;p=43330"},"modified":"2026-04-11T14:16:44","modified_gmt":"2026-04-11T12:16:44","slug":"depileve-cire-traditionnelle-bush-tea-2x500g","status":"publish","type":"product","link":"https:\/\/www.brevannes.be\/nl\/product\/depileve-cire-traditionnelle-bush-tea-2x500g\/","title":{"rendered":"DEPILEVE CIRE TRADITIONNELLE BUSH TEA 2X500G"},"content":{"rendered":"","protected":false},"excerpt":{"rendered":"<p>Cette cire contient de l&#8217;extrait de rooibos et cire d&#8217;abeilles qui prot\u00e8ge la peau du stress oxydatif gr\u00e2ce \u00e0 ses propri\u00e9t\u00e9s anti-inflammatoires<\/p>\n<p>Point de fusion 46\u00b0C<\/p>\n","protected":false},"featured_media":43331,"template":"","meta":[],"product_brand":[],"product_cat":[333],"product_tag":[],"class_list":{"0":"post-43330","1":"product","2":"type-product","3":"status-publish","4":"has-post-thumbnail","6":"product_cat-depileve","7":"wcmo-protected-item wcmo-protected-product","9":"first","10":"instock","11":"taxable","12":"shipping-taxable","13":"product-type-simple"},"_links":{"self":[{"href":"https:\/\/www.brevannes.be\/nl\/wp-json\/wp\/v2\/product\/43330","targetHints":{"allow":["GET"]}}],"collection":[{"href":"https:\/\/www.brevannes.be\/nl\/wp-json\/wp\/v2\/product"}],"about":[{"href":"https:\/\/www.brevannes.be\/nl\/wp-json\/wp\/v2\/types\/product"}],"wp:featuredmedia":[{"embeddable":true,"href":"https:\/\/www.brevannes.be\/nl\/wp-json\/wp\/v2\/media\/43331"}],"wp:attachment":[{"href":"https:\/\/www.brevannes.be\/nl\/wp-json\/wp\/v2\/media?parent=43330"}],"wp:term":[{"taxonomy":"product_brand","embeddable":true,"href":"https:\/\/www.brevannes.be\/nl\/wp-json\/wp\/v2\/product_brand?post=43330"},{"taxonomy":"product_cat","embeddable":true,"href":"https:\/\/www.brevannes.be\/nl\/wp-json\/wp\/v2\/product_cat?post=43330"},{"taxonomy":"product_tag","embeddable":true,"href":"https:\/\/www.brevannes.be\/nl\/wp-json\/wp\/v2\/product_tag?post=43330"}],"curies":[{"name":"wp","href":"https:\/\/api.w.org\/{rel}","templated":true}]}}