{"id":43378,"date":"2026-04-23T18:33:36","date_gmt":"2026-04-23T16:33:36","guid":{"rendered":"https:\/\/www.brevannes.be\/?post_type=product&#038;p=43378"},"modified":"2026-04-25T11:11:00","modified_gmt":"2026-04-25T09:11:00","slug":"les-orthoplasties-de-base-13-06-2026-11h00-17h30-copie","status":"publish","type":"product","link":"https:\/\/www.brevannes.be\/nl\/product\/les-orthoplasties-de-base-13-06-2026-11h00-17h30-copie\/","title":{"rendered":"<b>LES ORTHOPLASTIES DE BASE:<\/b><br> 13.06.2026 \u2022 11h00-17h30<\/br>"},"content":{"rendered":"","protected":false},"excerpt":{"rendered":"<p><strong>Ce que vous apprendrez lors de cette journ\u00e9e:<\/strong><\/p>\n<p>Tout d&#8217;abord une <strong>partie th\u00e9orique<\/strong> sur les origines des d\u00e9formations, comment choisir le type d&#8217;orth\u00e8se \u00e0 r\u00e9aliser, pr\u00e9sentation des diff\u00e9rents produits de silicone (marques, nombre de shores,&#8230;)<\/p>\n<p>Ensuite une <strong>partie pratique:<\/strong> r\u00e9alisation de diff\u00e9rents types d&#8217;orth\u00e8ses de protection.<\/p>\n<p><strong>Comprenant:<\/strong> Syllabus, lunch et boissons et attestations (participation &#8211; Footcare &#8211; P\u00e9disant\u00e9)<\/p>\n<p>Ce module est n\u00e9cessaire avant la formation orthoplasties tram\u00e9es<\/p>\n","protected":false},"featured_media":42762,"template":"","meta":[],"product_brand":[],"product_cat":[133],"product_tag":[],"class_list":{"0":"post-43378","1":"product","2":"type-product","3":"status-publish","4":"has-post-thumbnail","6":"product_cat-formations","7":"wcmo-protected-item wcmo-protected-product","9":"first","10":"instock","11":"taxable","12":"shipping-taxable","13":"product-type-simple"},"_links":{"self":[{"href":"https:\/\/www.brevannes.be\/nl\/wp-json\/wp\/v2\/product\/43378","targetHints":{"allow":["GET"]}}],"collection":[{"href":"https:\/\/www.brevannes.be\/nl\/wp-json\/wp\/v2\/product"}],"about":[{"href":"https:\/\/www.brevannes.be\/nl\/wp-json\/wp\/v2\/types\/product"}],"wp:featuredmedia":[{"embeddable":true,"href":"https:\/\/www.brevannes.be\/nl\/wp-json\/wp\/v2\/media\/42762"}],"wp:attachment":[{"href":"https:\/\/www.brevannes.be\/nl\/wp-json\/wp\/v2\/media?parent=43378"}],"wp:term":[{"taxonomy":"product_brand","embeddable":true,"href":"https:\/\/www.brevannes.be\/nl\/wp-json\/wp\/v2\/product_brand?post=43378"},{"taxonomy":"product_cat","embeddable":true,"href":"https:\/\/www.brevannes.be\/nl\/wp-json\/wp\/v2\/product_cat?post=43378"},{"taxonomy":"product_tag","embeddable":true,"href":"https:\/\/www.brevannes.be\/nl\/wp-json\/wp\/v2\/product_tag?post=43378"}],"curies":[{"name":"wp","href":"https:\/\/api.w.org\/{rel}","templated":true}]}}